{"id":1661,"date":"2022-06-06T15:52:27","date_gmt":"2022-06-06T13:52:27","guid":{"rendered":"http:\/\/www.aquariumdiamond.sk\/partners\/"},"modified":"2022-07-09T23:37:16","modified_gmt":"2022-07-09T21:37:16","slug":"partneri","status":"publish","type":"page","link":"https:\/\/www.aquariumdiamond.sk\/en\/partneri\/","title":{"rendered":"Partners"},"content":{"rendered":"\t\t<div data-elementor-type=\"wp-page\" data-elementor-id=\"1661\" class=\"elementor elementor-1661 elementor-1080\">\n\t\t\t\t\t\t\t\t\t<section class=\"elementor-section elementor-top-section elementor-element elementor-element-da41f73 elementor-section-boxed elementor-section-height-default elementor-section-height-default\" data-id=\"da41f73\" data-element_type=\"section\">\n\t\t\t\t\t\t<div class=\"elementor-container elementor-column-gap-default\">\n\t\t\t\t\t<div class=\"elementor-column elementor-col-100 elementor-top-column elementor-element elementor-element-f2a6cd9\" data-id=\"f2a6cd9\" data-element_type=\"column\">\n\t\t\t<div class=\"elementor-widget-wrap elementor-element-populated\">\n\t\t\t\t\t\t\t\t<div class=\"elementor-element elementor-element-76b962c e-transform e-transform elementor-widget__width-inherit elementor-widget elementor-widget-oew-brands\" data-id=\"76b962c\" data-element_type=\"widget\" data-settings=\"{&quot;_animation&quot;:&quot;none&quot;,&quot;_transform_rotateZ_effect_hover&quot;:{&quot;unit&quot;:&quot;px&quot;,&quot;size&quot;:0,&quot;sizes&quot;:[]},&quot;_transform_rotateZ_effect_hover_tablet&quot;:{&quot;unit&quot;:&quot;px&quot;,&quot;size&quot;:&quot;&quot;,&quot;sizes&quot;:[]},&quot;_transform_rotateZ_effect_hover_mobile&quot;:{&quot;unit&quot;:&quot;px&quot;,&quot;size&quot;:&quot;&quot;,&quot;sizes&quot;:[]},&quot;_transform_translateX_effect_hover&quot;:{&quot;unit&quot;:&quot;px&quot;,&quot;size&quot;:&quot;&quot;,&quot;sizes&quot;:[]},&quot;_transform_translateX_effect_hover_tablet&quot;:{&quot;unit&quot;:&quot;px&quot;,&quot;size&quot;:&quot;&quot;,&quot;sizes&quot;:[]},&quot;_transform_translateX_effect_hover_mobile&quot;:{&quot;unit&quot;:&quot;px&quot;,&quot;size&quot;:&quot;&quot;,&quot;sizes&quot;:[]},&quot;_transform_translateY_effect_hover&quot;:{&quot;unit&quot;:&quot;px&quot;,&quot;size&quot;:&quot;&quot;,&quot;sizes&quot;:[]},&quot;_transform_translateY_effect_hover_tablet&quot;:{&quot;unit&quot;:&quot;px&quot;,&quot;size&quot;:&quot;&quot;,&quot;sizes&quot;:[]},&quot;_transform_translateY_effect_hover_mobile&quot;:{&quot;unit&quot;:&quot;px&quot;,&quot;size&quot;:&quot;&quot;,&quot;sizes&quot;:[]}}\" data-widget_type=\"oew-brands.default\">\n\t\t\t\t<div class=\"elementor-widget-container\">\n\t\t\t\r\n\t\t<div class=\"oew-brands\">\r\n\t\t\t<div class=\"oew-brands-list\">\r\n\t\t\t\t\r\n\t\t\t\t\r\n\t\t\t\t\t<div class=\"oew-brands-item\">\r\n\t\t\t\t\t\t<a href=\"https:\/\/www.shrimp.sk\/\" class=\"oew-brands-link\">\t\t\t\t\t\t\t<div class=\"oew-brands-img\">\r\n\t\t\t\t\t\t\t\t<img decoding=\"async\" src=\"http:\/\/www.aquariumdiamond.sk\/wp-content\/uploads\/2022\/07\/shrimp_logo.png\" \/>\r\n\t\t\t\t\t\t\t<\/div>\r\n\t\t\t\t\t\t\t<h5 class=\"oew-brands-name\"><\/h5>\r\n\t\t\t\t\t\t\t<div class=\"oew-brands-desc\"><\/div>\r\n\t\t\t\t\t\t\t\t\t\t\t\t\t<\/a>\r\n\t\t\t\t\t\t\t\t\t\t\t<\/div>\r\n\r\n\t\t\t\t\r\n\t\t\t\t\t<div class=\"oew-brands-item\">\r\n\t\t\t\t\t\t<a href=\"https:\/\/www.akvaland.sk\/\" class=\"oew-brands-link\">\t\t\t\t\t\t\t<div class=\"oew-brands-img\">\r\n\t\t\t\t\t\t\t\t<img decoding=\"async\" src=\"http:\/\/www.aquariumdiamond.sk\/wp-content\/uploads\/2022\/07\/logo_shop_akvaland_upr.png\" \/>\r\n\t\t\t\t\t\t\t<\/div>\r\n\t\t\t\t\t\t\t<h5 class=\"oew-brands-name\"><\/h5>\r\n\t\t\t\t\t\t\t<div class=\"oew-brands-desc\"><\/div>\r\n\t\t\t\t\t\t\t\t\t\t\t\t\t<\/a>\r\n\t\t\t\t\t\t\t\t\t\t\t<\/div>\r\n\r\n\t\t\t\t\r\n\t\t\t\t\t<div class=\"oew-brands-item\">\r\n\t\t\t\t\t\t<a href=\"https:\/\/www.akvariumonline.sk\/\" target=\"_blank\" class=\"oew-brands-link\">\t\t\t\t\t\t\t<div class=\"oew-brands-img\">\r\n\t\t\t\t\t\t\t\t<img decoding=\"async\" src=\"http:\/\/www.aquariumdiamond.sk\/wp-content\/uploads\/2022\/07\/upr_akvariumonline.png\" \/>\r\n\t\t\t\t\t\t\t<\/div>\r\n\t\t\t\t\t\t\t<h5 class=\"oew-brands-name\"><\/h5>\r\n\t\t\t\t\t\t\t<div class=\"oew-brands-desc\"><\/div>\r\n\t\t\t\t\t\t\t\t\t\t\t\t\t<\/a>\r\n\t\t\t\t\t\t\t\t\t\t\t<\/div>\r\n\r\n\t\t\t\t\r\n\t\t\t\t\t<div class=\"oew-brands-item\">\r\n\t\t\t\t\t\t<a href=\"https:\/\/www.ledaquaristik.de\/\" class=\"oew-brands-link\">\t\t\t\t\t\t\t<div class=\"oew-brands-img\">\r\n\t\t\t\t\t\t\t\t<img decoding=\"async\" src=\"http:\/\/www.aquariumdiamond.sk\/wp-content\/uploads\/2022\/07\/led_aquaristik_de_upr.png\" \/>\r\n\t\t\t\t\t\t\t<\/div>\r\n\t\t\t\t\t\t\t<h5 class=\"oew-brands-name\"><\/h5>\r\n\t\t\t\t\t\t\t<div class=\"oew-brands-desc\"><\/div>\r\n\t\t\t\t\t\t\t\t\t\t\t\t\t<\/a>\r\n\t\t\t\t\t\t\t\t\t\t\t<\/div>\r\n\r\n\t\t\t\t\r\n\t\t\t\t\t<div class=\"oew-brands-item\">\r\n\t\t\t\t\t\t<a href=\"https:\/\/www.sera.sk\" class=\"oew-brands-link\">\t\t\t\t\t\t\t<div class=\"oew-brands-img\">\r\n\t\t\t\t\t\t\t\t<img decoding=\"async\" src=\"http:\/\/www.aquariumdiamond.sk\/wp-content\/uploads\/2022\/07\/sera_sk_logo_upr.png\" \/>\r\n\t\t\t\t\t\t\t<\/div>\r\n\t\t\t\t\t\t\t<h5 class=\"oew-brands-name\"><\/h5>\r\n\t\t\t\t\t\t\t<div class=\"oew-brands-desc\"><\/div>\r\n\t\t\t\t\t\t\t\t\t\t\t\t\t<\/a>\r\n\t\t\t\t\t\t\t\t\t\t\t<\/div>\r\n\r\n\t\t\t\t\t\t\t<\/div>\r\n\t\t<\/div>\r\n\r\n\t\t\t<\/div>\n\t\t\t\t<\/div>\n\t\t\t\t\t<\/div>\n\t\t<\/div>\n\t\t\t\t\t\t\t<\/div>\n\t\t<\/section>\n\t\t\t\t\t\t\t<\/div>\n\t\t","protected":false},"excerpt":{"rendered":"","protected":false},"author":1,"featured_media":0,"parent":0,"menu_order":0,"comment_status":"closed","ping_status":"closed","template":"","meta":{"footnotes":""},"class_list":["post-1661","page","type-page","status-publish","hentry","entry"],"yoast_head":"<!-- This site is optimized with the Yoast SEO plugin v27.4 - https:\/\/yoast.com\/product\/yoast-seo-wordpress\/ -->\n<title>Partners - aquariumdiamond<\/title>\n<meta name=\"description\" content=\"Spolo\u010dnos\u0165 Aquarium diamond s.r.o. - akv\u00e1rium na mieru vyrob\u00edme pod\u013ea va\u0161ich predst\u00e1v. Akv\u00e1rium vyrob\u00edme, zlep\u00edme a dovezieme, osvetl\u00edme LED technol\u00f3giou.Akv\u00e1rium vybab\u00edme doporu\u010denou filtr\u00e1ciou.\" \/>\n<meta name=\"robots\" content=\"index, follow, max-snippet:-1, max-image-preview:large, max-video-preview:-1\" \/>\n<link rel=\"canonical\" href=\"https:\/\/www.aquariumdiamond.sk\/en\/partneri\/\" \/>\n<meta property=\"og:locale\" content=\"en_US\" \/>\n<meta property=\"og:type\" content=\"article\" \/>\n<meta property=\"og:title\" content=\"Partners - aquariumdiamond\" \/>\n<meta property=\"og:description\" content=\"Spolo\u010dnos\u0165 Aquarium diamond s.r.o. - akv\u00e1rium na mieru vyrob\u00edme pod\u013ea va\u0161ich predst\u00e1v. Akv\u00e1rium vyrob\u00edme, zlep\u00edme a dovezieme, osvetl\u00edme LED technol\u00f3giou.Akv\u00e1rium vybab\u00edme doporu\u010denou filtr\u00e1ciou.\" \/>\n<meta property=\"og:url\" content=\"https:\/\/www.aquariumdiamond.sk\/en\/partneri\/\" \/>\n<meta property=\"og:site_name\" content=\"aquariumdiamond\" \/>\n<meta property=\"article:publisher\" content=\"https:\/\/sk-sk.facebook.com\/aquariumdiamond.sk\/\" \/>\n<meta property=\"article:modified_time\" content=\"2022-07-09T21:37:16+00:00\" \/>\n<meta property=\"og:image\" content=\"http:\/\/www.aquariumdiamond.sk\/wp-content\/uploads\/2022\/07\/shrimp_logo.png\" \/>\n<meta name=\"twitter:card\" content=\"summary_large_image\" \/>\n<script type=\"application\/ld+json\" class=\"yoast-schema-graph\">{\"@context\":\"https:\\\/\\\/schema.org\",\"@graph\":[{\"@type\":\"WebPage\",\"@id\":\"https:\\\/\\\/www.aquariumdiamond.sk\\\/en\\\/partneri\\\/\",\"url\":\"https:\\\/\\\/www.aquariumdiamond.sk\\\/en\\\/partneri\\\/\",\"name\":\"Partners - aquariumdiamond\",\"isPartOf\":{\"@id\":\"https:\\\/\\\/www.aquariumdiamond.sk\\\/#website\"},\"primaryImageOfPage\":{\"@id\":\"https:\\\/\\\/www.aquariumdiamond.sk\\\/en\\\/partneri\\\/#primaryimage\"},\"image\":{\"@id\":\"https:\\\/\\\/www.aquariumdiamond.sk\\\/en\\\/partneri\\\/#primaryimage\"},\"thumbnailUrl\":\"http:\\\/\\\/www.aquariumdiamond.sk\\\/wp-content\\\/uploads\\\/2022\\\/07\\\/shrimp_logo.png\",\"datePublished\":\"2022-06-06T13:52:27+00:00\",\"dateModified\":\"2022-07-09T21:37:16+00:00\",\"description\":\"Spolo\u010dnos\u0165 Aquarium diamond s.r.o. - akv\u00e1rium na mieru vyrob\u00edme pod\u013ea va\u0161ich predst\u00e1v. Akv\u00e1rium vyrob\u00edme, zlep\u00edme a dovezieme, osvetl\u00edme LED technol\u00f3giou.Akv\u00e1rium vybab\u00edme doporu\u010denou filtr\u00e1ciou.\",\"breadcrumb\":{\"@id\":\"https:\\\/\\\/www.aquariumdiamond.sk\\\/en\\\/partneri\\\/#breadcrumb\"},\"inLanguage\":\"en-US\",\"potentialAction\":[{\"@type\":\"ReadAction\",\"target\":[\"https:\\\/\\\/www.aquariumdiamond.sk\\\/en\\\/partneri\\\/\"]}]},{\"@type\":\"ImageObject\",\"inLanguage\":\"en-US\",\"@id\":\"https:\\\/\\\/www.aquariumdiamond.sk\\\/en\\\/partneri\\\/#primaryimage\",\"url\":\"http:\\\/\\\/www.aquariumdiamond.sk\\\/wp-content\\\/uploads\\\/2022\\\/07\\\/shrimp_logo.png\",\"contentUrl\":\"http:\\\/\\\/www.aquariumdiamond.sk\\\/wp-content\\\/uploads\\\/2022\\\/07\\\/shrimp_logo.png\"},{\"@type\":\"BreadcrumbList\",\"@id\":\"https:\\\/\\\/www.aquariumdiamond.sk\\\/en\\\/partneri\\\/#breadcrumb\",\"itemListElement\":[{\"@type\":\"ListItem\",\"position\":1,\"name\":\"Akv\u00e1rium na mieru\",\"item\":\"https:\\\/\\\/www.aquariumdiamond.sk\\\/en\\\/\"},{\"@type\":\"ListItem\",\"position\":2,\"name\":\"Partners\"}]},{\"@type\":\"WebSite\",\"@id\":\"https:\\\/\\\/www.aquariumdiamond.sk\\\/#website\",\"url\":\"https:\\\/\\\/www.aquariumdiamond.sk\\\/\",\"name\":\"aquariumdiamond\",\"description\":\"Ve\u013ek\u00e9 akv\u00e1rium na mieru\",\"publisher\":{\"@id\":\"https:\\\/\\\/www.aquariumdiamond.sk\\\/#organization\"},\"potentialAction\":[{\"@type\":\"SearchAction\",\"target\":{\"@type\":\"EntryPoint\",\"urlTemplate\":\"https:\\\/\\\/www.aquariumdiamond.sk\\\/?s={search_term_string}\"},\"query-input\":{\"@type\":\"PropertyValueSpecification\",\"valueRequired\":true,\"valueName\":\"search_term_string\"}}],\"inLanguage\":\"en-US\"},{\"@type\":\"Organization\",\"@id\":\"https:\\\/\\\/www.aquariumdiamond.sk\\\/#organization\",\"name\":\"aquariumdiamond\",\"url\":\"https:\\\/\\\/www.aquariumdiamond.sk\\\/\",\"logo\":{\"@type\":\"ImageObject\",\"inLanguage\":\"en-US\",\"@id\":\"https:\\\/\\\/www.aquariumdiamond.sk\\\/#\\\/schema\\\/logo\\\/image\\\/\",\"url\":\"https:\\\/\\\/www.aquariumdiamond.sk\\\/wp-content\\\/uploads\\\/2022\\\/07\\\/logo_aquarium-diamond_3slogan_EN-1.png\",\"contentUrl\":\"https:\\\/\\\/www.aquariumdiamond.sk\\\/wp-content\\\/uploads\\\/2022\\\/07\\\/logo_aquarium-diamond_3slogan_EN-1.png\",\"width\":320,\"height\":118,\"caption\":\"aquariumdiamond\"},\"image\":{\"@id\":\"https:\\\/\\\/www.aquariumdiamond.sk\\\/#\\\/schema\\\/logo\\\/image\\\/\"},\"sameAs\":[\"https:\\\/\\\/sk-sk.facebook.com\\\/aquariumdiamond.sk\\\/\"]}]}<\/script>\n<!-- \/ Yoast SEO plugin. -->","yoast_head_json":{"title":"Partners - aquariumdiamond","description":"Spolo\u010dnos\u0165 Aquarium diamond s.r.o. - akv\u00e1rium na mieru vyrob\u00edme pod\u013ea va\u0161ich predst\u00e1v. Akv\u00e1rium vyrob\u00edme, zlep\u00edme a dovezieme, osvetl\u00edme LED technol\u00f3giou.Akv\u00e1rium vybab\u00edme doporu\u010denou filtr\u00e1ciou.","robots":{"index":"index","follow":"follow","max-snippet":"max-snippet:-1","max-image-preview":"max-image-preview:large","max-video-preview":"max-video-preview:-1"},"canonical":"https:\/\/www.aquariumdiamond.sk\/en\/partneri\/","og_locale":"en_US","og_type":"article","og_title":"Partners - aquariumdiamond","og_description":"Spolo\u010dnos\u0165 Aquarium diamond s.r.o. - akv\u00e1rium na mieru vyrob\u00edme pod\u013ea va\u0161ich predst\u00e1v. Akv\u00e1rium vyrob\u00edme, zlep\u00edme a dovezieme, osvetl\u00edme LED technol\u00f3giou.Akv\u00e1rium vybab\u00edme doporu\u010denou filtr\u00e1ciou.","og_url":"https:\/\/www.aquariumdiamond.sk\/en\/partneri\/","og_site_name":"aquariumdiamond","article_publisher":"https:\/\/sk-sk.facebook.com\/aquariumdiamond.sk\/","article_modified_time":"2022-07-09T21:37:16+00:00","og_image":[{"url":"http:\/\/www.aquariumdiamond.sk\/wp-content\/uploads\/2022\/07\/shrimp_logo.png","type":"","width":"","height":""}],"twitter_card":"summary_large_image","schema":{"@context":"https:\/\/schema.org","@graph":[{"@type":"WebPage","@id":"https:\/\/www.aquariumdiamond.sk\/en\/partneri\/","url":"https:\/\/www.aquariumdiamond.sk\/en\/partneri\/","name":"Partners - aquariumdiamond","isPartOf":{"@id":"https:\/\/www.aquariumdiamond.sk\/#website"},"primaryImageOfPage":{"@id":"https:\/\/www.aquariumdiamond.sk\/en\/partneri\/#primaryimage"},"image":{"@id":"https:\/\/www.aquariumdiamond.sk\/en\/partneri\/#primaryimage"},"thumbnailUrl":"http:\/\/www.aquariumdiamond.sk\/wp-content\/uploads\/2022\/07\/shrimp_logo.png","datePublished":"2022-06-06T13:52:27+00:00","dateModified":"2022-07-09T21:37:16+00:00","description":"Spolo\u010dnos\u0165 Aquarium diamond s.r.o. - akv\u00e1rium na mieru vyrob\u00edme pod\u013ea va\u0161ich predst\u00e1v. Akv\u00e1rium vyrob\u00edme, zlep\u00edme a dovezieme, osvetl\u00edme LED technol\u00f3giou.Akv\u00e1rium vybab\u00edme doporu\u010denou filtr\u00e1ciou.","breadcrumb":{"@id":"https:\/\/www.aquariumdiamond.sk\/en\/partneri\/#breadcrumb"},"inLanguage":"en-US","potentialAction":[{"@type":"ReadAction","target":["https:\/\/www.aquariumdiamond.sk\/en\/partneri\/"]}]},{"@type":"ImageObject","inLanguage":"en-US","@id":"https:\/\/www.aquariumdiamond.sk\/en\/partneri\/#primaryimage","url":"http:\/\/www.aquariumdiamond.sk\/wp-content\/uploads\/2022\/07\/shrimp_logo.png","contentUrl":"http:\/\/www.aquariumdiamond.sk\/wp-content\/uploads\/2022\/07\/shrimp_logo.png"},{"@type":"BreadcrumbList","@id":"https:\/\/www.aquariumdiamond.sk\/en\/partneri\/#breadcrumb","itemListElement":[{"@type":"ListItem","position":1,"name":"Akv\u00e1rium na mieru","item":"https:\/\/www.aquariumdiamond.sk\/en\/"},{"@type":"ListItem","position":2,"name":"Partners"}]},{"@type":"WebSite","@id":"https:\/\/www.aquariumdiamond.sk\/#website","url":"https:\/\/www.aquariumdiamond.sk\/","name":"aquariumdiamond","description":"Ve\u013ek\u00e9 akv\u00e1rium na mieru","publisher":{"@id":"https:\/\/www.aquariumdiamond.sk\/#organization"},"potentialAction":[{"@type":"SearchAction","target":{"@type":"EntryPoint","urlTemplate":"https:\/\/www.aquariumdiamond.sk\/?s={search_term_string}"},"query-input":{"@type":"PropertyValueSpecification","valueRequired":true,"valueName":"search_term_string"}}],"inLanguage":"en-US"},{"@type":"Organization","@id":"https:\/\/www.aquariumdiamond.sk\/#organization","name":"aquariumdiamond","url":"https:\/\/www.aquariumdiamond.sk\/","logo":{"@type":"ImageObject","inLanguage":"en-US","@id":"https:\/\/www.aquariumdiamond.sk\/#\/schema\/logo\/image\/","url":"https:\/\/www.aquariumdiamond.sk\/wp-content\/uploads\/2022\/07\/logo_aquarium-diamond_3slogan_EN-1.png","contentUrl":"https:\/\/www.aquariumdiamond.sk\/wp-content\/uploads\/2022\/07\/logo_aquarium-diamond_3slogan_EN-1.png","width":320,"height":118,"caption":"aquariumdiamond"},"image":{"@id":"https:\/\/www.aquariumdiamond.sk\/#\/schema\/logo\/image\/"},"sameAs":["https:\/\/sk-sk.facebook.com\/aquariumdiamond.sk\/"]}]}},"_links":{"self":[{"href":"https:\/\/www.aquariumdiamond.sk\/en\/wp-json\/wp\/v2\/pages\/1661","targetHints":{"allow":["GET"]}}],"collection":[{"href":"https:\/\/www.aquariumdiamond.sk\/en\/wp-json\/wp\/v2\/pages"}],"about":[{"href":"https:\/\/www.aquariumdiamond.sk\/en\/wp-json\/wp\/v2\/types\/page"}],"author":[{"embeddable":true,"href":"https:\/\/www.aquariumdiamond.sk\/en\/wp-json\/wp\/v2\/users\/1"}],"replies":[{"embeddable":true,"href":"https:\/\/www.aquariumdiamond.sk\/en\/wp-json\/wp\/v2\/comments?post=1661"}],"version-history":[{"count":17,"href":"https:\/\/www.aquariumdiamond.sk\/en\/wp-json\/wp\/v2\/pages\/1661\/revisions"}],"predecessor-version":[{"id":1876,"href":"https:\/\/www.aquariumdiamond.sk\/en\/wp-json\/wp\/v2\/pages\/1661\/revisions\/1876"}],"wp:attachment":[{"href":"https:\/\/www.aquariumdiamond.sk\/en\/wp-json\/wp\/v2\/media?parent=1661"}],"curies":[{"name":"wp","href":"https:\/\/api.w.org\/{rel}","templated":true}]}}