{"id":1659,"date":"2016-11-03T16:50:09","date_gmt":"2016-11-03T15:50:09","guid":{"rendered":"http:\/\/www.aquariumdiamond.sk\/products\/"},"modified":"2022-07-28T13:48:09","modified_gmt":"2022-07-28T11:48:09","slug":"products","status":"publish","type":"page","link":"https:\/\/www.aquariumdiamond.sk\/en\/products\/","title":{"rendered":"Products"},"content":{"rendered":"\t\t<div data-elementor-type=\"wp-post\" data-elementor-id=\"1659\" class=\"elementor elementor-1659 elementor-294\">\n\t\t\t\t\t\t\t\t\t<section class=\"elementor-section elementor-top-section elementor-element elementor-element-bu71rau elementor-section-boxed elementor-section-height-default elementor-section-height-default\" data-id=\"bu71rau\" data-element_type=\"section\" data-settings=\"{&quot;background_background&quot;:&quot;slideshow&quot;,&quot;background_slideshow_gallery&quot;:[{&quot;id&quot;:861,&quot;url&quot;:&quot;http:\\\/\\\/www.aquariumdiamond.sk\\\/wp-content\\\/uploads\\\/2022\\\/06\\\/closeup-shot-stingray-fish-swimming-underwater-with-some-fish-swimming-it.jpg&quot;}],&quot;background_slideshow_loop&quot;:&quot;yes&quot;,&quot;background_slideshow_slide_duration&quot;:5000,&quot;background_slideshow_slide_transition&quot;:&quot;fade&quot;,&quot;background_slideshow_transition_duration&quot;:500}\">\n\t\t\t\t\t\t<div class=\"elementor-container elementor-column-gap-default\">\n\t\t\t\t\t<div class=\"elementor-column elementor-col-33 elementor-top-column elementor-element elementor-element-p4b3n7m\" data-id=\"p4b3n7m\" data-element_type=\"column\">\n\t\t\t<div class=\"elementor-widget-wrap elementor-element-populated\">\n\t\t\t\t\t\t\t\t<div class=\"elementor-element elementor-element-73gt1to areas-box elementor-vertical-align-middle elementor-position-top elementor-widget elementor-widget-image-box\" data-id=\"73gt1to\" data-element_type=\"widget\" data-widget_type=\"image-box.default\">\n\t\t\t\t<div class=\"elementor-widget-container\">\n\t\t\t<style>\/*! elementor - v3.8.0 - 30-10-2022 *\/\n.elementor-widget-image-box .elementor-image-box-content{width:100%}@media (min-width:768px){.elementor-widget-image-box.elementor-position-left .elementor-image-box-wrapper,.elementor-widget-image-box.elementor-position-right .elementor-image-box-wrapper{display:-webkit-box;display:-ms-flexbox;display:flex}.elementor-widget-image-box.elementor-position-right .elementor-image-box-wrapper{text-align:right;-webkit-box-orient:horizontal;-webkit-box-direction:reverse;-ms-flex-direction:row-reverse;flex-direction:row-reverse}.elementor-widget-image-box.elementor-position-left .elementor-image-box-wrapper{text-align:left;-webkit-box-orient:horizontal;-webkit-box-direction:normal;-ms-flex-direction:row;flex-direction:row}.elementor-widget-image-box.elementor-position-top .elementor-image-box-img{margin:auto}.elementor-widget-image-box.elementor-vertical-align-top .elementor-image-box-wrapper{-webkit-box-align:start;-ms-flex-align:start;align-items:flex-start}.elementor-widget-image-box.elementor-vertical-align-middle .elementor-image-box-wrapper{-webkit-box-align:center;-ms-flex-align:center;align-items:center}.elementor-widget-image-box.elementor-vertical-align-bottom .elementor-image-box-wrapper{-webkit-box-align:end;-ms-flex-align:end;align-items:flex-end}}@media (max-width:767px){.elementor-widget-image-box .elementor-image-box-img{margin-left:auto!important;margin-right:auto!important;margin-bottom:15px}}.elementor-widget-image-box .elementor-image-box-img{display:inline-block}.elementor-widget-image-box .elementor-image-box-title a{color:inherit}.elementor-widget-image-box .elementor-image-box-wrapper{text-align:center}.elementor-widget-image-box .elementor-image-box-description{margin:0}<\/style><div class=\"elementor-image-box-wrapper\"><figure class=\"elementor-image-box-img\"><img loading=\"lazy\" decoding=\"async\" width=\"150\" height=\"129\" src=\"https:\/\/www.aquariumdiamond.sk\/wp-content\/uploads\/2022\/06\/2_ikona_akva-1.png\" class=\"attachment-thumbnail size-thumbnail\" alt=\"\" \/><\/figure><div class=\"elementor-image-box-content\"><h2 class=\"elementor-image-box-title\">Tanks<\/h2><p class=\"elementor-image-box-description\">Made out of float or opti-white glass<\/p><\/div><\/div>\t\t<\/div>\n\t\t\t\t<\/div>\n\t\t\t\t<div class=\"elementor-element elementor-element-mudrmeq areas-box elementor-vertical-align-middle elementor-position-top elementor-widget elementor-widget-image-box\" data-id=\"mudrmeq\" data-element_type=\"widget\" data-widget_type=\"image-box.default\">\n\t\t\t\t<div class=\"elementor-widget-container\">\n\t\t\t<div class=\"elementor-image-box-wrapper\"><figure class=\"elementor-image-box-img\"><img loading=\"lazy\" decoding=\"async\" width=\"150\" height=\"129\" src=\"https:\/\/www.aquariumdiamond.sk\/wp-content\/uploads\/2022\/06\/stojany.png\" class=\"attachment-thumbnail size-thumbnail\" alt=\"\" \/><\/figure><div class=\"elementor-image-box-content\"><h2 class=\"elementor-image-box-title\">Aquarium stands<\/h2><p class=\"elementor-image-box-description\">wooden or metal stands custom measured to your aquarium<\/p><\/div><\/div>\t\t<\/div>\n\t\t\t\t<\/div>\n\t\t\t\t\t<\/div>\n\t\t<\/div>\n\t\t\t\t<div class=\"elementor-column elementor-col-33 elementor-top-column elementor-element elementor-element-94z8gp3\" data-id=\"94z8gp3\" data-element_type=\"column\">\n\t\t\t<div class=\"elementor-widget-wrap elementor-element-populated\">\n\t\t\t\t\t\t\t\t<div class=\"elementor-element elementor-element-o8y6vue areas-box elementor-position-top elementor-vertical-align-top elementor-widget elementor-widget-image-box\" data-id=\"o8y6vue\" data-element_type=\"widget\" data-widget_type=\"image-box.default\">\n\t\t\t\t<div class=\"elementor-widget-container\">\n\t\t\t<div class=\"elementor-image-box-wrapper\"><figure class=\"elementor-image-box-img\"><img loading=\"lazy\" decoding=\"async\" width=\"150\" height=\"129\" src=\"https:\/\/www.aquariumdiamond.sk\/wp-content\/uploads\/2022\/06\/ikona_filtracia.png\" class=\"attachment-thumbnail size-thumbnail\" alt=\"\" \/><\/figure><div class=\"elementor-image-box-content\"><h2 class=\"elementor-image-box-title\">Filtration<\/h2><p class=\"elementor-image-box-description\">Custom measured filtration system to your tank<\/p><\/div><\/div>\t\t<\/div>\n\t\t\t\t<\/div>\n\t\t\t\t<div class=\"elementor-element elementor-element-osow2h8 areas-box elementor-position-top elementor-vertical-align-top elementor-widget elementor-widget-image-box\" data-id=\"osow2h8\" data-element_type=\"widget\" data-widget_type=\"image-box.default\">\n\t\t\t\t<div class=\"elementor-widget-container\">\n\t\t\t<div class=\"elementor-image-box-wrapper\"><figure class=\"elementor-image-box-img\"><img loading=\"lazy\" decoding=\"async\" width=\"150\" height=\"129\" src=\"https:\/\/www.aquariumdiamond.sk\/wp-content\/uploads\/2022\/06\/ikona_doprava.png\" class=\"attachment-thumbnail size-thumbnail\" alt=\"\" \/><\/figure><div class=\"elementor-image-box-content\"><h2 class=\"elementor-image-box-title\">Transportation<\/h2><p class=\"elementor-image-box-description\">Safe transport right to you<\/p><\/div><\/div>\t\t<\/div>\n\t\t\t\t<\/div>\n\t\t\t\t\t<\/div>\n\t\t<\/div>\n\t\t\t\t<div class=\"elementor-column elementor-col-33 elementor-top-column elementor-element elementor-element-phobwjz\" data-id=\"phobwjz\" data-element_type=\"column\">\n\t\t\t<div class=\"elementor-widget-wrap elementor-element-populated\">\n\t\t\t\t\t\t\t\t<div class=\"elementor-element elementor-element-clyq47f areas-box elementor-position-top elementor-vertical-align-top elementor-widget elementor-widget-image-box\" data-id=\"clyq47f\" data-element_type=\"widget\" data-widget_type=\"image-box.default\">\n\t\t\t\t<div class=\"elementor-widget-container\">\n\t\t\t<div class=\"elementor-image-box-wrapper\"><figure class=\"elementor-image-box-img\"><img loading=\"lazy\" decoding=\"async\" width=\"150\" height=\"131\" src=\"https:\/\/www.aquariumdiamond.sk\/wp-content\/uploads\/2022\/06\/ikona_osvetelenie-01.png\" class=\"attachment-thumbnail size-thumbnail\" alt=\"\" \/><\/figure><div class=\"elementor-image-box-content\"><h2 class=\"elementor-image-box-title\">Lighting system<\/h2><p class=\"elementor-image-box-description\">LED lighting +assembly<\/p><\/div><\/div>\t\t<\/div>\n\t\t\t\t<\/div>\n\t\t\t\t<div class=\"elementor-element elementor-element-mfva3rv areas-box elementor-position-top elementor-vertical-align-top elementor-widget elementor-widget-image-box\" data-id=\"mfva3rv\" data-element_type=\"widget\" data-widget_type=\"image-box.default\">\n\t\t\t\t<div class=\"elementor-widget-container\">\n\t\t\t<div class=\"elementor-image-box-wrapper\"><figure class=\"elementor-image-box-img\"><img loading=\"lazy\" decoding=\"async\" width=\"150\" height=\"129\" src=\"https:\/\/www.aquariumdiamond.sk\/wp-content\/uploads\/2022\/06\/lepenie.png\" class=\"attachment-thumbnail size-thumbnail\" alt=\"\" \/><\/figure><div class=\"elementor-image-box-content\"><h2 class=\"elementor-image-box-title\">Gluing<\/h2><p class=\"elementor-image-box-description\">We will glue the tank right at your place<\/p><\/div><\/div>\t\t<\/div>\n\t\t\t\t<\/div>\n\t\t\t\t\t<\/div>\n\t\t<\/div>\n\t\t\t\t\t\t\t<\/div>\n\t\t<\/section>\n\t\t\t\t\t\t\t<\/div>\n\t\t","protected":false},"excerpt":{"rendered":"<p>Tanks Made out of float or opti-white glass Aquarium stands wooden or metal stands custom measured to your aquarium Filtration Custom measured filtration system to your tank Transportation Safe transport right to you Lighting system LED lighting +assembly Gluing We will glue the tank right at your place<\/p>\n","protected":false},"author":1,"featured_media":0,"parent":0,"menu_order":0,"comment_status":"closed","ping_status":"closed","template":"","meta":{"footnotes":""},"class_list":["post-1659","page","type-page","status-publish","hentry","entry"],"yoast_head":"<!-- This site is optimized with the Yoast SEO plugin v27.4 - https:\/\/yoast.com\/product\/yoast-seo-wordpress\/ -->\n<title>Products - aquariumdiamond<\/title>\n<meta name=\"description\" content=\"Spolo\u010dnos\u0165 Aquarium diamond s.r.o. - akv\u00e1rium na mieru vyrob\u00edme pod\u013ea va\u0161ich predst\u00e1v. Akv\u00e1rium vyrob\u00edme, zlep\u00edme a dovezieme, osvetl\u00edme LED technol\u00f3giou.Akv\u00e1rium vybab\u00edme doporu\u010denou filtr\u00e1ciou.\" \/>\n<meta name=\"robots\" content=\"index, follow, max-snippet:-1, max-image-preview:large, max-video-preview:-1\" \/>\n<link rel=\"canonical\" href=\"https:\/\/www.aquariumdiamond.sk\/en\/products\/\" \/>\n<meta property=\"og:locale\" content=\"en_US\" \/>\n<meta property=\"og:type\" content=\"article\" \/>\n<meta property=\"og:title\" content=\"Products - aquariumdiamond\" \/>\n<meta property=\"og:description\" content=\"Spolo\u010dnos\u0165 Aquarium diamond s.r.o. - akv\u00e1rium na mieru vyrob\u00edme pod\u013ea va\u0161ich predst\u00e1v. Akv\u00e1rium vyrob\u00edme, zlep\u00edme a dovezieme, osvetl\u00edme LED technol\u00f3giou.Akv\u00e1rium vybab\u00edme doporu\u010denou filtr\u00e1ciou.\" \/>\n<meta property=\"og:url\" content=\"https:\/\/www.aquariumdiamond.sk\/en\/products\/\" \/>\n<meta property=\"og:site_name\" content=\"aquariumdiamond\" \/>\n<meta property=\"article:publisher\" content=\"https:\/\/sk-sk.facebook.com\/aquariumdiamond.sk\/\" \/>\n<meta property=\"article:modified_time\" content=\"2022-07-28T11:48:09+00:00\" \/>\n<meta property=\"og:image\" content=\"http:\/\/www.aquariumdiamond.sk\/wp-content\/uploads\/2022\/06\/2_ikona_akva-1.png\" \/>\n<meta name=\"twitter:card\" content=\"summary_large_image\" \/>\n<script type=\"application\/ld+json\" class=\"yoast-schema-graph\">{\"@context\":\"https:\\\/\\\/schema.org\",\"@graph\":[{\"@type\":\"WebPage\",\"@id\":\"https:\\\/\\\/www.aquariumdiamond.sk\\\/en\\\/products\\\/\",\"url\":\"https:\\\/\\\/www.aquariumdiamond.sk\\\/en\\\/products\\\/\",\"name\":\"Products - aquariumdiamond\",\"isPartOf\":{\"@id\":\"https:\\\/\\\/www.aquariumdiamond.sk\\\/#website\"},\"primaryImageOfPage\":{\"@id\":\"https:\\\/\\\/www.aquariumdiamond.sk\\\/en\\\/products\\\/#primaryimage\"},\"image\":{\"@id\":\"https:\\\/\\\/www.aquariumdiamond.sk\\\/en\\\/products\\\/#primaryimage\"},\"thumbnailUrl\":\"http:\\\/\\\/www.aquariumdiamond.sk\\\/wp-content\\\/uploads\\\/2022\\\/06\\\/2_ikona_akva-1.png\",\"datePublished\":\"2016-11-03T15:50:09+00:00\",\"dateModified\":\"2022-07-28T11:48:09+00:00\",\"description\":\"Spolo\u010dnos\u0165 Aquarium diamond s.r.o. - akv\u00e1rium na mieru vyrob\u00edme pod\u013ea va\u0161ich predst\u00e1v. Akv\u00e1rium vyrob\u00edme, zlep\u00edme a dovezieme, osvetl\u00edme LED technol\u00f3giou.Akv\u00e1rium vybab\u00edme doporu\u010denou filtr\u00e1ciou.\",\"breadcrumb\":{\"@id\":\"https:\\\/\\\/www.aquariumdiamond.sk\\\/en\\\/products\\\/#breadcrumb\"},\"inLanguage\":\"en-US\",\"potentialAction\":[{\"@type\":\"ReadAction\",\"target\":[\"https:\\\/\\\/www.aquariumdiamond.sk\\\/en\\\/products\\\/\"]}]},{\"@type\":\"ImageObject\",\"inLanguage\":\"en-US\",\"@id\":\"https:\\\/\\\/www.aquariumdiamond.sk\\\/en\\\/products\\\/#primaryimage\",\"url\":\"http:\\\/\\\/www.aquariumdiamond.sk\\\/wp-content\\\/uploads\\\/2022\\\/06\\\/2_ikona_akva-1.png\",\"contentUrl\":\"http:\\\/\\\/www.aquariumdiamond.sk\\\/wp-content\\\/uploads\\\/2022\\\/06\\\/2_ikona_akva-1.png\"},{\"@type\":\"BreadcrumbList\",\"@id\":\"https:\\\/\\\/www.aquariumdiamond.sk\\\/en\\\/products\\\/#breadcrumb\",\"itemListElement\":[{\"@type\":\"ListItem\",\"position\":1,\"name\":\"Akv\u00e1rium na mieru\",\"item\":\"https:\\\/\\\/www.aquariumdiamond.sk\\\/en\\\/\"},{\"@type\":\"ListItem\",\"position\":2,\"name\":\"Products\"}]},{\"@type\":\"WebSite\",\"@id\":\"https:\\\/\\\/www.aquariumdiamond.sk\\\/#website\",\"url\":\"https:\\\/\\\/www.aquariumdiamond.sk\\\/\",\"name\":\"aquariumdiamond\",\"description\":\"Ve\u013ek\u00e9 akv\u00e1rium na mieru\",\"publisher\":{\"@id\":\"https:\\\/\\\/www.aquariumdiamond.sk\\\/#organization\"},\"potentialAction\":[{\"@type\":\"SearchAction\",\"target\":{\"@type\":\"EntryPoint\",\"urlTemplate\":\"https:\\\/\\\/www.aquariumdiamond.sk\\\/?s={search_term_string}\"},\"query-input\":{\"@type\":\"PropertyValueSpecification\",\"valueRequired\":true,\"valueName\":\"search_term_string\"}}],\"inLanguage\":\"en-US\"},{\"@type\":\"Organization\",\"@id\":\"https:\\\/\\\/www.aquariumdiamond.sk\\\/#organization\",\"name\":\"aquariumdiamond\",\"url\":\"https:\\\/\\\/www.aquariumdiamond.sk\\\/\",\"logo\":{\"@type\":\"ImageObject\",\"inLanguage\":\"en-US\",\"@id\":\"https:\\\/\\\/www.aquariumdiamond.sk\\\/#\\\/schema\\\/logo\\\/image\\\/\",\"url\":\"https:\\\/\\\/www.aquariumdiamond.sk\\\/wp-content\\\/uploads\\\/2022\\\/07\\\/logo_aquarium-diamond_3slogan_EN-1.png\",\"contentUrl\":\"https:\\\/\\\/www.aquariumdiamond.sk\\\/wp-content\\\/uploads\\\/2022\\\/07\\\/logo_aquarium-diamond_3slogan_EN-1.png\",\"width\":320,\"height\":118,\"caption\":\"aquariumdiamond\"},\"image\":{\"@id\":\"https:\\\/\\\/www.aquariumdiamond.sk\\\/#\\\/schema\\\/logo\\\/image\\\/\"},\"sameAs\":[\"https:\\\/\\\/sk-sk.facebook.com\\\/aquariumdiamond.sk\\\/\"]}]}<\/script>\n<!-- \/ Yoast SEO plugin. -->","yoast_head_json":{"title":"Products - aquariumdiamond","description":"Spolo\u010dnos\u0165 Aquarium diamond s.r.o. - akv\u00e1rium na mieru vyrob\u00edme pod\u013ea va\u0161ich predst\u00e1v. Akv\u00e1rium vyrob\u00edme, zlep\u00edme a dovezieme, osvetl\u00edme LED technol\u00f3giou.Akv\u00e1rium vybab\u00edme doporu\u010denou filtr\u00e1ciou.","robots":{"index":"index","follow":"follow","max-snippet":"max-snippet:-1","max-image-preview":"max-image-preview:large","max-video-preview":"max-video-preview:-1"},"canonical":"https:\/\/www.aquariumdiamond.sk\/en\/products\/","og_locale":"en_US","og_type":"article","og_title":"Products - aquariumdiamond","og_description":"Spolo\u010dnos\u0165 Aquarium diamond s.r.o. - akv\u00e1rium na mieru vyrob\u00edme pod\u013ea va\u0161ich predst\u00e1v. Akv\u00e1rium vyrob\u00edme, zlep\u00edme a dovezieme, osvetl\u00edme LED technol\u00f3giou.Akv\u00e1rium vybab\u00edme doporu\u010denou filtr\u00e1ciou.","og_url":"https:\/\/www.aquariumdiamond.sk\/en\/products\/","og_site_name":"aquariumdiamond","article_publisher":"https:\/\/sk-sk.facebook.com\/aquariumdiamond.sk\/","article_modified_time":"2022-07-28T11:48:09+00:00","og_image":[{"url":"http:\/\/www.aquariumdiamond.sk\/wp-content\/uploads\/2022\/06\/2_ikona_akva-1.png","type":"","width":"","height":""}],"twitter_card":"summary_large_image","schema":{"@context":"https:\/\/schema.org","@graph":[{"@type":"WebPage","@id":"https:\/\/www.aquariumdiamond.sk\/en\/products\/","url":"https:\/\/www.aquariumdiamond.sk\/en\/products\/","name":"Products - aquariumdiamond","isPartOf":{"@id":"https:\/\/www.aquariumdiamond.sk\/#website"},"primaryImageOfPage":{"@id":"https:\/\/www.aquariumdiamond.sk\/en\/products\/#primaryimage"},"image":{"@id":"https:\/\/www.aquariumdiamond.sk\/en\/products\/#primaryimage"},"thumbnailUrl":"http:\/\/www.aquariumdiamond.sk\/wp-content\/uploads\/2022\/06\/2_ikona_akva-1.png","datePublished":"2016-11-03T15:50:09+00:00","dateModified":"2022-07-28T11:48:09+00:00","description":"Spolo\u010dnos\u0165 Aquarium diamond s.r.o. - akv\u00e1rium na mieru vyrob\u00edme pod\u013ea va\u0161ich predst\u00e1v. Akv\u00e1rium vyrob\u00edme, zlep\u00edme a dovezieme, osvetl\u00edme LED technol\u00f3giou.Akv\u00e1rium vybab\u00edme doporu\u010denou filtr\u00e1ciou.","breadcrumb":{"@id":"https:\/\/www.aquariumdiamond.sk\/en\/products\/#breadcrumb"},"inLanguage":"en-US","potentialAction":[{"@type":"ReadAction","target":["https:\/\/www.aquariumdiamond.sk\/en\/products\/"]}]},{"@type":"ImageObject","inLanguage":"en-US","@id":"https:\/\/www.aquariumdiamond.sk\/en\/products\/#primaryimage","url":"http:\/\/www.aquariumdiamond.sk\/wp-content\/uploads\/2022\/06\/2_ikona_akva-1.png","contentUrl":"http:\/\/www.aquariumdiamond.sk\/wp-content\/uploads\/2022\/06\/2_ikona_akva-1.png"},{"@type":"BreadcrumbList","@id":"https:\/\/www.aquariumdiamond.sk\/en\/products\/#breadcrumb","itemListElement":[{"@type":"ListItem","position":1,"name":"Akv\u00e1rium na mieru","item":"https:\/\/www.aquariumdiamond.sk\/en\/"},{"@type":"ListItem","position":2,"name":"Products"}]},{"@type":"WebSite","@id":"https:\/\/www.aquariumdiamond.sk\/#website","url":"https:\/\/www.aquariumdiamond.sk\/","name":"aquariumdiamond","description":"Ve\u013ek\u00e9 akv\u00e1rium na mieru","publisher":{"@id":"https:\/\/www.aquariumdiamond.sk\/#organization"},"potentialAction":[{"@type":"SearchAction","target":{"@type":"EntryPoint","urlTemplate":"https:\/\/www.aquariumdiamond.sk\/?s={search_term_string}"},"query-input":{"@type":"PropertyValueSpecification","valueRequired":true,"valueName":"search_term_string"}}],"inLanguage":"en-US"},{"@type":"Organization","@id":"https:\/\/www.aquariumdiamond.sk\/#organization","name":"aquariumdiamond","url":"https:\/\/www.aquariumdiamond.sk\/","logo":{"@type":"ImageObject","inLanguage":"en-US","@id":"https:\/\/www.aquariumdiamond.sk\/#\/schema\/logo\/image\/","url":"https:\/\/www.aquariumdiamond.sk\/wp-content\/uploads\/2022\/07\/logo_aquarium-diamond_3slogan_EN-1.png","contentUrl":"https:\/\/www.aquariumdiamond.sk\/wp-content\/uploads\/2022\/07\/logo_aquarium-diamond_3slogan_EN-1.png","width":320,"height":118,"caption":"aquariumdiamond"},"image":{"@id":"https:\/\/www.aquariumdiamond.sk\/#\/schema\/logo\/image\/"},"sameAs":["https:\/\/sk-sk.facebook.com\/aquariumdiamond.sk\/"]}]}},"_links":{"self":[{"href":"https:\/\/www.aquariumdiamond.sk\/en\/wp-json\/wp\/v2\/pages\/1659","targetHints":{"allow":["GET"]}}],"collection":[{"href":"https:\/\/www.aquariumdiamond.sk\/en\/wp-json\/wp\/v2\/pages"}],"about":[{"href":"https:\/\/www.aquariumdiamond.sk\/en\/wp-json\/wp\/v2\/types\/page"}],"author":[{"embeddable":true,"href":"https:\/\/www.aquariumdiamond.sk\/en\/wp-json\/wp\/v2\/users\/1"}],"replies":[{"embeddable":true,"href":"https:\/\/www.aquariumdiamond.sk\/en\/wp-json\/wp\/v2\/comments?post=1659"}],"version-history":[{"count":4,"href":"https:\/\/www.aquariumdiamond.sk\/en\/wp-json\/wp\/v2\/pages\/1659\/revisions"}],"predecessor-version":[{"id":2062,"href":"https:\/\/www.aquariumdiamond.sk\/en\/wp-json\/wp\/v2\/pages\/1659\/revisions\/2062"}],"wp:attachment":[{"href":"https:\/\/www.aquariumdiamond.sk\/en\/wp-json\/wp\/v2\/media?parent=1659"}],"curies":[{"name":"wp","href":"https:\/\/api.w.org\/{rel}","templated":true}]}}