{"id":1682,"date":"2016-11-03T16:50:09","date_gmt":"2016-11-03T15:50:09","guid":{"rendered":"http:\/\/www.aquariumdiamond.sk\/produkte\/"},"modified":"2022-07-28T13:48:09","modified_gmt":"2022-07-28T11:48:09","slug":"produkte","status":"publish","type":"page","link":"https:\/\/www.aquariumdiamond.sk\/de\/produkte\/","title":{"rendered":"Produkte"},"content":{"rendered":"\t\t<div data-elementor-type=\"wp-post\" data-elementor-id=\"1682\" class=\"elementor elementor-1682 elementor-294\">\n\t\t\t\t\t\t\t\t\t<section class=\"elementor-section elementor-top-section elementor-element elementor-element-bu71rau elementor-section-boxed elementor-section-height-default elementor-section-height-default\" data-id=\"bu71rau\" data-element_type=\"section\" data-settings=\"{&quot;background_background&quot;:&quot;slideshow&quot;,&quot;background_slideshow_gallery&quot;:[{&quot;id&quot;:861,&quot;url&quot;:&quot;http:\\\/\\\/www.aquariumdiamond.sk\\\/wp-content\\\/uploads\\\/2022\\\/06\\\/closeup-shot-stingray-fish-swimming-underwater-with-some-fish-swimming-it.jpg&quot;}],&quot;background_slideshow_loop&quot;:&quot;yes&quot;,&quot;background_slideshow_slide_duration&quot;:5000,&quot;background_slideshow_slide_transition&quot;:&quot;fade&quot;,&quot;background_slideshow_transition_duration&quot;:500}\">\n\t\t\t\t\t\t<div class=\"elementor-container elementor-column-gap-default\">\n\t\t\t\t\t<div class=\"elementor-column elementor-col-33 elementor-top-column elementor-element elementor-element-p4b3n7m\" data-id=\"p4b3n7m\" data-element_type=\"column\">\n\t\t\t<div class=\"elementor-widget-wrap elementor-element-populated\">\n\t\t\t\t\t\t\t\t<div class=\"elementor-element elementor-element-73gt1to areas-box elementor-vertical-align-middle elementor-position-top elementor-widget elementor-widget-image-box\" data-id=\"73gt1to\" data-element_type=\"widget\" data-widget_type=\"image-box.default\">\n\t\t\t\t<div class=\"elementor-widget-container\">\n\t\t\t<style>\/*! elementor - v3.8.0 - 30-10-2022 *\/\n.elementor-widget-image-box .elementor-image-box-content{width:100%}@media (min-width:768px){.elementor-widget-image-box.elementor-position-left .elementor-image-box-wrapper,.elementor-widget-image-box.elementor-position-right .elementor-image-box-wrapper{display:-webkit-box;display:-ms-flexbox;display:flex}.elementor-widget-image-box.elementor-position-right .elementor-image-box-wrapper{text-align:right;-webkit-box-orient:horizontal;-webkit-box-direction:reverse;-ms-flex-direction:row-reverse;flex-direction:row-reverse}.elementor-widget-image-box.elementor-position-left .elementor-image-box-wrapper{text-align:left;-webkit-box-orient:horizontal;-webkit-box-direction:normal;-ms-flex-direction:row;flex-direction:row}.elementor-widget-image-box.elementor-position-top .elementor-image-box-img{margin:auto}.elementor-widget-image-box.elementor-vertical-align-top .elementor-image-box-wrapper{-webkit-box-align:start;-ms-flex-align:start;align-items:flex-start}.elementor-widget-image-box.elementor-vertical-align-middle .elementor-image-box-wrapper{-webkit-box-align:center;-ms-flex-align:center;align-items:center}.elementor-widget-image-box.elementor-vertical-align-bottom .elementor-image-box-wrapper{-webkit-box-align:end;-ms-flex-align:end;align-items:flex-end}}@media (max-width:767px){.elementor-widget-image-box .elementor-image-box-img{margin-left:auto!important;margin-right:auto!important;margin-bottom:15px}}.elementor-widget-image-box .elementor-image-box-img{display:inline-block}.elementor-widget-image-box .elementor-image-box-title a{color:inherit}.elementor-widget-image-box .elementor-image-box-wrapper{text-align:center}.elementor-widget-image-box .elementor-image-box-description{margin:0}<\/style><div class=\"elementor-image-box-wrapper\"><figure class=\"elementor-image-box-img\"><img loading=\"lazy\" decoding=\"async\" width=\"150\" height=\"129\" src=\"https:\/\/www.aquariumdiamond.sk\/wp-content\/uploads\/2022\/06\/2_ikona_akva-1.png\" class=\"attachment-thumbnail size-thumbnail\" alt=\"\" \/><\/figure><div class=\"elementor-image-box-content\"><h2 class=\"elementor-image-box-title\">Aquarien<\/h2><p class=\"elementor-image-box-description\">Aquarien aus Optiwhite- oder Floatglas<\/p><\/div><\/div>\t\t<\/div>\n\t\t\t\t<\/div>\n\t\t\t\t<div class=\"elementor-element elementor-element-mudrmeq areas-box elementor-vertical-align-middle elementor-position-top elementor-widget elementor-widget-image-box\" data-id=\"mudrmeq\" data-element_type=\"widget\" data-widget_type=\"image-box.default\">\n\t\t\t\t<div class=\"elementor-widget-container\">\n\t\t\t<div class=\"elementor-image-box-wrapper\"><figure class=\"elementor-image-box-img\"><img loading=\"lazy\" decoding=\"async\" width=\"150\" height=\"129\" src=\"https:\/\/www.aquariumdiamond.sk\/wp-content\/uploads\/2022\/06\/stojany.png\" class=\"attachment-thumbnail size-thumbnail\" alt=\"\" \/><\/figure><div class=\"elementor-image-box-content\"><h2 class=\"elementor-image-box-title\">Aquarienunterkonstruktion<\/h2><p class=\"elementor-image-box-description\">in Holz oder Metallbauweise, individuell auf Ihr Aquarium abgestimmt<\/p><\/div><\/div>\t\t<\/div>\n\t\t\t\t<\/div>\n\t\t\t\t\t<\/div>\n\t\t<\/div>\n\t\t\t\t<div class=\"elementor-column elementor-col-33 elementor-top-column elementor-element elementor-element-94z8gp3\" data-id=\"94z8gp3\" data-element_type=\"column\">\n\t\t\t<div class=\"elementor-widget-wrap elementor-element-populated\">\n\t\t\t\t\t\t\t\t<div class=\"elementor-element elementor-element-o8y6vue areas-box elementor-position-top elementor-vertical-align-top elementor-widget elementor-widget-image-box\" data-id=\"o8y6vue\" data-element_type=\"widget\" data-widget_type=\"image-box.default\">\n\t\t\t\t<div class=\"elementor-widget-container\">\n\t\t\t<div class=\"elementor-image-box-wrapper\"><figure class=\"elementor-image-box-img\"><img loading=\"lazy\" decoding=\"async\" width=\"150\" height=\"129\" src=\"https:\/\/www.aquariumdiamond.sk\/wp-content\/uploads\/2022\/06\/ikona_filtracia.png\" class=\"attachment-thumbnail size-thumbnail\" alt=\"\" \/><\/figure><div class=\"elementor-image-box-content\"><h2 class=\"elementor-image-box-title\">Filtrierung<\/h2><p class=\"elementor-image-box-description\">Wir fertigen Filtersysteme nach Ihren Angaben und passen sie an Ihr Aquarium an.<\/p><\/div><\/div>\t\t<\/div>\n\t\t\t\t<\/div>\n\t\t\t\t<div class=\"elementor-element elementor-element-osow2h8 areas-box elementor-position-top elementor-vertical-align-top elementor-widget elementor-widget-image-box\" data-id=\"osow2h8\" data-element_type=\"widget\" data-widget_type=\"image-box.default\">\n\t\t\t\t<div class=\"elementor-widget-container\">\n\t\t\t<div class=\"elementor-image-box-wrapper\"><figure class=\"elementor-image-box-img\"><img loading=\"lazy\" decoding=\"async\" width=\"150\" height=\"129\" src=\"https:\/\/www.aquariumdiamond.sk\/wp-content\/uploads\/2022\/06\/ikona_doprava.png\" class=\"attachment-thumbnail size-thumbnail\" alt=\"\" \/><\/figure><div class=\"elementor-image-box-content\"><h2 class=\"elementor-image-box-title\">Transport<\/h2><p class=\"elementor-image-box-description\">Wir liefern Ihre Bestellung \/Aquarium sicher zu Ihnen.<\/p><\/div><\/div>\t\t<\/div>\n\t\t\t\t<\/div>\n\t\t\t\t\t<\/div>\n\t\t<\/div>\n\t\t\t\t<div class=\"elementor-column elementor-col-33 elementor-top-column elementor-element elementor-element-phobwjz\" data-id=\"phobwjz\" data-element_type=\"column\">\n\t\t\t<div class=\"elementor-widget-wrap elementor-element-populated\">\n\t\t\t\t\t\t\t\t<div class=\"elementor-element elementor-element-clyq47f areas-box elementor-position-top elementor-vertical-align-top elementor-widget elementor-widget-image-box\" data-id=\"clyq47f\" data-element_type=\"widget\" data-widget_type=\"image-box.default\">\n\t\t\t\t<div class=\"elementor-widget-container\">\n\t\t\t<div class=\"elementor-image-box-wrapper\"><figure class=\"elementor-image-box-img\"><img loading=\"lazy\" decoding=\"async\" width=\"150\" height=\"131\" src=\"https:\/\/www.aquariumdiamond.sk\/wp-content\/uploads\/2022\/06\/ikona_osvetelenie-01.png\" class=\"attachment-thumbnail size-thumbnail\" alt=\"\" \/><\/figure><div class=\"elementor-image-box-content\"><h2 class=\"elementor-image-box-title\">Beleuchtungssystem<\/h2><p class=\"elementor-image-box-description\">LED-Beleuchtung +Montage<\/p><\/div><\/div>\t\t<\/div>\n\t\t\t\t<\/div>\n\t\t\t\t<div class=\"elementor-element elementor-element-mfva3rv areas-box elementor-position-top elementor-vertical-align-top elementor-widget elementor-widget-image-box\" data-id=\"mfva3rv\" data-element_type=\"widget\" data-widget_type=\"image-box.default\">\n\t\t\t\t<div class=\"elementor-widget-container\">\n\t\t\t<div class=\"elementor-image-box-wrapper\"><figure class=\"elementor-image-box-img\"><img loading=\"lazy\" decoding=\"async\" width=\"150\" height=\"129\" src=\"https:\/\/www.aquariumdiamond.sk\/wp-content\/uploads\/2022\/06\/lepenie.png\" class=\"attachment-thumbnail size-thumbnail\" alt=\"\" \/><\/figure><div class=\"elementor-image-box-content\"><h2 class=\"elementor-image-box-title\">Kleben<\/h2><p class=\"elementor-image-box-description\">Wir kleben Ihr Aquarium auch direkt bei Ihnen vor Ort<\/p><\/div><\/div>\t\t<\/div>\n\t\t\t\t<\/div>\n\t\t\t\t\t<\/div>\n\t\t<\/div>\n\t\t\t\t\t\t\t<\/div>\n\t\t<\/section>\n\t\t\t\t\t\t\t<\/div>\n\t\t","protected":false},"excerpt":{"rendered":"<p>Aquarien Aquarien aus Optiwhite- oder Floatglas Aquarienunterkonstruktion in Holz oder Metallbauweise, individuell auf Ihr Aquarium abgestimmt Filtrierung Wir fertigen Filtersysteme nach Ihren Angaben und passen sie an Ihr Aquarium an. Transport Wir liefern Ihre Bestellung \/Aquarium sicher zu Ihnen. Beleuchtungssystem LED-Beleuchtung +Montage Kleben Wir kleben Ihr Aquarium auch direkt bei Ihnen vor Ort<\/p>\n","protected":false},"author":1,"featured_media":0,"parent":0,"menu_order":0,"comment_status":"closed","ping_status":"closed","template":"","meta":{"footnotes":""},"class_list":["post-1682","page","type-page","status-publish","hentry","entry"],"yoast_head":"<!-- This site is optimized with the Yoast SEO plugin v27.4 - https:\/\/yoast.com\/product\/yoast-seo-wordpress\/ -->\n<title>Produkte - aquariumdiamond<\/title>\n<meta name=\"description\" content=\"Spolo\u010dnos\u0165 Aquarium diamond s.r.o. - akv\u00e1rium na mieru vyrob\u00edme pod\u013ea va\u0161ich predst\u00e1v. Akv\u00e1rium vyrob\u00edme, zlep\u00edme a dovezieme, osvetl\u00edme LED technol\u00f3giou.Akv\u00e1rium vybab\u00edme doporu\u010denou filtr\u00e1ciou.\" \/>\n<meta name=\"robots\" content=\"index, follow, max-snippet:-1, max-image-preview:large, max-video-preview:-1\" \/>\n<link rel=\"canonical\" href=\"https:\/\/www.aquariumdiamond.sk\/de\/produkte\/\" \/>\n<meta property=\"og:locale\" content=\"de_DE\" \/>\n<meta property=\"og:type\" content=\"article\" \/>\n<meta property=\"og:title\" content=\"Produkte - aquariumdiamond\" \/>\n<meta property=\"og:description\" content=\"Spolo\u010dnos\u0165 Aquarium diamond s.r.o. - akv\u00e1rium na mieru vyrob\u00edme pod\u013ea va\u0161ich predst\u00e1v. Akv\u00e1rium vyrob\u00edme, zlep\u00edme a dovezieme, osvetl\u00edme LED technol\u00f3giou.Akv\u00e1rium vybab\u00edme doporu\u010denou filtr\u00e1ciou.\" \/>\n<meta property=\"og:url\" content=\"https:\/\/www.aquariumdiamond.sk\/de\/produkte\/\" \/>\n<meta property=\"og:site_name\" content=\"aquariumdiamond\" \/>\n<meta property=\"article:publisher\" content=\"https:\/\/sk-sk.facebook.com\/aquariumdiamond.sk\/\" \/>\n<meta property=\"article:modified_time\" content=\"2022-07-28T11:48:09+00:00\" \/>\n<meta property=\"og:image\" content=\"http:\/\/www.aquariumdiamond.sk\/wp-content\/uploads\/2022\/06\/2_ikona_akva-1.png\" \/>\n<meta name=\"twitter:card\" content=\"summary_large_image\" \/>\n<script type=\"application\/ld+json\" class=\"yoast-schema-graph\">{\"@context\":\"https:\\\/\\\/schema.org\",\"@graph\":[{\"@type\":\"WebPage\",\"@id\":\"https:\\\/\\\/www.aquariumdiamond.sk\\\/de\\\/produkte\\\/\",\"url\":\"https:\\\/\\\/www.aquariumdiamond.sk\\\/de\\\/produkte\\\/\",\"name\":\"Produkte - aquariumdiamond\",\"isPartOf\":{\"@id\":\"https:\\\/\\\/www.aquariumdiamond.sk\\\/#website\"},\"primaryImageOfPage\":{\"@id\":\"https:\\\/\\\/www.aquariumdiamond.sk\\\/de\\\/produkte\\\/#primaryimage\"},\"image\":{\"@id\":\"https:\\\/\\\/www.aquariumdiamond.sk\\\/de\\\/produkte\\\/#primaryimage\"},\"thumbnailUrl\":\"http:\\\/\\\/www.aquariumdiamond.sk\\\/wp-content\\\/uploads\\\/2022\\\/06\\\/2_ikona_akva-1.png\",\"datePublished\":\"2016-11-03T15:50:09+00:00\",\"dateModified\":\"2022-07-28T11:48:09+00:00\",\"description\":\"Spolo\u010dnos\u0165 Aquarium diamond s.r.o. - akv\u00e1rium na mieru vyrob\u00edme pod\u013ea va\u0161ich predst\u00e1v. Akv\u00e1rium vyrob\u00edme, zlep\u00edme a dovezieme, osvetl\u00edme LED technol\u00f3giou.Akv\u00e1rium vybab\u00edme doporu\u010denou filtr\u00e1ciou.\",\"breadcrumb\":{\"@id\":\"https:\\\/\\\/www.aquariumdiamond.sk\\\/de\\\/produkte\\\/#breadcrumb\"},\"inLanguage\":\"de\",\"potentialAction\":[{\"@type\":\"ReadAction\",\"target\":[\"https:\\\/\\\/www.aquariumdiamond.sk\\\/de\\\/produkte\\\/\"]}]},{\"@type\":\"ImageObject\",\"inLanguage\":\"de\",\"@id\":\"https:\\\/\\\/www.aquariumdiamond.sk\\\/de\\\/produkte\\\/#primaryimage\",\"url\":\"http:\\\/\\\/www.aquariumdiamond.sk\\\/wp-content\\\/uploads\\\/2022\\\/06\\\/2_ikona_akva-1.png\",\"contentUrl\":\"http:\\\/\\\/www.aquariumdiamond.sk\\\/wp-content\\\/uploads\\\/2022\\\/06\\\/2_ikona_akva-1.png\"},{\"@type\":\"BreadcrumbList\",\"@id\":\"https:\\\/\\\/www.aquariumdiamond.sk\\\/de\\\/produkte\\\/#breadcrumb\",\"itemListElement\":[{\"@type\":\"ListItem\",\"position\":1,\"name\":\"Akv\u00e1rium na mieru\",\"item\":\"https:\\\/\\\/www.aquariumdiamond.sk\\\/de\\\/\"},{\"@type\":\"ListItem\",\"position\":2,\"name\":\"Produkte\"}]},{\"@type\":\"WebSite\",\"@id\":\"https:\\\/\\\/www.aquariumdiamond.sk\\\/#website\",\"url\":\"https:\\\/\\\/www.aquariumdiamond.sk\\\/\",\"name\":\"aquariumdiamond\",\"description\":\"Ve\u013ek\u00e9 akv\u00e1rium na mieru\",\"publisher\":{\"@id\":\"https:\\\/\\\/www.aquariumdiamond.sk\\\/#organization\"},\"potentialAction\":[{\"@type\":\"SearchAction\",\"target\":{\"@type\":\"EntryPoint\",\"urlTemplate\":\"https:\\\/\\\/www.aquariumdiamond.sk\\\/?s={search_term_string}\"},\"query-input\":{\"@type\":\"PropertyValueSpecification\",\"valueRequired\":true,\"valueName\":\"search_term_string\"}}],\"inLanguage\":\"de\"},{\"@type\":\"Organization\",\"@id\":\"https:\\\/\\\/www.aquariumdiamond.sk\\\/#organization\",\"name\":\"aquariumdiamond\",\"url\":\"https:\\\/\\\/www.aquariumdiamond.sk\\\/\",\"logo\":{\"@type\":\"ImageObject\",\"inLanguage\":\"de\",\"@id\":\"https:\\\/\\\/www.aquariumdiamond.sk\\\/#\\\/schema\\\/logo\\\/image\\\/\",\"url\":\"https:\\\/\\\/www.aquariumdiamond.sk\\\/wp-content\\\/uploads\\\/2022\\\/07\\\/logo_aquarium-diamond_3slogan_DE-1.png\",\"contentUrl\":\"https:\\\/\\\/www.aquariumdiamond.sk\\\/wp-content\\\/uploads\\\/2022\\\/07\\\/logo_aquarium-diamond_3slogan_DE-1.png\",\"width\":320,\"height\":118,\"caption\":\"aquariumdiamond\"},\"image\":{\"@id\":\"https:\\\/\\\/www.aquariumdiamond.sk\\\/#\\\/schema\\\/logo\\\/image\\\/\"},\"sameAs\":[\"https:\\\/\\\/sk-sk.facebook.com\\\/aquariumdiamond.sk\\\/\"]}]}<\/script>\n<!-- \/ Yoast SEO plugin. -->","yoast_head_json":{"title":"Produkte - aquariumdiamond","description":"Spolo\u010dnos\u0165 Aquarium diamond s.r.o. - akv\u00e1rium na mieru vyrob\u00edme pod\u013ea va\u0161ich predst\u00e1v. Akv\u00e1rium vyrob\u00edme, zlep\u00edme a dovezieme, osvetl\u00edme LED technol\u00f3giou.Akv\u00e1rium vybab\u00edme doporu\u010denou filtr\u00e1ciou.","robots":{"index":"index","follow":"follow","max-snippet":"max-snippet:-1","max-image-preview":"max-image-preview:large","max-video-preview":"max-video-preview:-1"},"canonical":"https:\/\/www.aquariumdiamond.sk\/de\/produkte\/","og_locale":"de_DE","og_type":"article","og_title":"Produkte - aquariumdiamond","og_description":"Spolo\u010dnos\u0165 Aquarium diamond s.r.o. - akv\u00e1rium na mieru vyrob\u00edme pod\u013ea va\u0161ich predst\u00e1v. Akv\u00e1rium vyrob\u00edme, zlep\u00edme a dovezieme, osvetl\u00edme LED technol\u00f3giou.Akv\u00e1rium vybab\u00edme doporu\u010denou filtr\u00e1ciou.","og_url":"https:\/\/www.aquariumdiamond.sk\/de\/produkte\/","og_site_name":"aquariumdiamond","article_publisher":"https:\/\/sk-sk.facebook.com\/aquariumdiamond.sk\/","article_modified_time":"2022-07-28T11:48:09+00:00","og_image":[{"url":"http:\/\/www.aquariumdiamond.sk\/wp-content\/uploads\/2022\/06\/2_ikona_akva-1.png","type":"","width":"","height":""}],"twitter_card":"summary_large_image","schema":{"@context":"https:\/\/schema.org","@graph":[{"@type":"WebPage","@id":"https:\/\/www.aquariumdiamond.sk\/de\/produkte\/","url":"https:\/\/www.aquariumdiamond.sk\/de\/produkte\/","name":"Produkte - aquariumdiamond","isPartOf":{"@id":"https:\/\/www.aquariumdiamond.sk\/#website"},"primaryImageOfPage":{"@id":"https:\/\/www.aquariumdiamond.sk\/de\/produkte\/#primaryimage"},"image":{"@id":"https:\/\/www.aquariumdiamond.sk\/de\/produkte\/#primaryimage"},"thumbnailUrl":"http:\/\/www.aquariumdiamond.sk\/wp-content\/uploads\/2022\/06\/2_ikona_akva-1.png","datePublished":"2016-11-03T15:50:09+00:00","dateModified":"2022-07-28T11:48:09+00:00","description":"Spolo\u010dnos\u0165 Aquarium diamond s.r.o. - akv\u00e1rium na mieru vyrob\u00edme pod\u013ea va\u0161ich predst\u00e1v. Akv\u00e1rium vyrob\u00edme, zlep\u00edme a dovezieme, osvetl\u00edme LED technol\u00f3giou.Akv\u00e1rium vybab\u00edme doporu\u010denou filtr\u00e1ciou.","breadcrumb":{"@id":"https:\/\/www.aquariumdiamond.sk\/de\/produkte\/#breadcrumb"},"inLanguage":"de","potentialAction":[{"@type":"ReadAction","target":["https:\/\/www.aquariumdiamond.sk\/de\/produkte\/"]}]},{"@type":"ImageObject","inLanguage":"de","@id":"https:\/\/www.aquariumdiamond.sk\/de\/produkte\/#primaryimage","url":"http:\/\/www.aquariumdiamond.sk\/wp-content\/uploads\/2022\/06\/2_ikona_akva-1.png","contentUrl":"http:\/\/www.aquariumdiamond.sk\/wp-content\/uploads\/2022\/06\/2_ikona_akva-1.png"},{"@type":"BreadcrumbList","@id":"https:\/\/www.aquariumdiamond.sk\/de\/produkte\/#breadcrumb","itemListElement":[{"@type":"ListItem","position":1,"name":"Akv\u00e1rium na mieru","item":"https:\/\/www.aquariumdiamond.sk\/de\/"},{"@type":"ListItem","position":2,"name":"Produkte"}]},{"@type":"WebSite","@id":"https:\/\/www.aquariumdiamond.sk\/#website","url":"https:\/\/www.aquariumdiamond.sk\/","name":"aquariumdiamond","description":"Ve\u013ek\u00e9 akv\u00e1rium na mieru","publisher":{"@id":"https:\/\/www.aquariumdiamond.sk\/#organization"},"potentialAction":[{"@type":"SearchAction","target":{"@type":"EntryPoint","urlTemplate":"https:\/\/www.aquariumdiamond.sk\/?s={search_term_string}"},"query-input":{"@type":"PropertyValueSpecification","valueRequired":true,"valueName":"search_term_string"}}],"inLanguage":"de"},{"@type":"Organization","@id":"https:\/\/www.aquariumdiamond.sk\/#organization","name":"aquariumdiamond","url":"https:\/\/www.aquariumdiamond.sk\/","logo":{"@type":"ImageObject","inLanguage":"de","@id":"https:\/\/www.aquariumdiamond.sk\/#\/schema\/logo\/image\/","url":"https:\/\/www.aquariumdiamond.sk\/wp-content\/uploads\/2022\/07\/logo_aquarium-diamond_3slogan_DE-1.png","contentUrl":"https:\/\/www.aquariumdiamond.sk\/wp-content\/uploads\/2022\/07\/logo_aquarium-diamond_3slogan_DE-1.png","width":320,"height":118,"caption":"aquariumdiamond"},"image":{"@id":"https:\/\/www.aquariumdiamond.sk\/#\/schema\/logo\/image\/"},"sameAs":["https:\/\/sk-sk.facebook.com\/aquariumdiamond.sk\/"]}]}},"_links":{"self":[{"href":"https:\/\/www.aquariumdiamond.sk\/de\/wp-json\/wp\/v2\/pages\/1682","targetHints":{"allow":["GET"]}}],"collection":[{"href":"https:\/\/www.aquariumdiamond.sk\/de\/wp-json\/wp\/v2\/pages"}],"about":[{"href":"https:\/\/www.aquariumdiamond.sk\/de\/wp-json\/wp\/v2\/types\/page"}],"author":[{"embeddable":true,"href":"https:\/\/www.aquariumdiamond.sk\/de\/wp-json\/wp\/v2\/users\/1"}],"replies":[{"embeddable":true,"href":"https:\/\/www.aquariumdiamond.sk\/de\/wp-json\/wp\/v2\/comments?post=1682"}],"version-history":[{"count":2,"href":"https:\/\/www.aquariumdiamond.sk\/de\/wp-json\/wp\/v2\/pages\/1682\/revisions"}],"predecessor-version":[{"id":2021,"href":"https:\/\/www.aquariumdiamond.sk\/de\/wp-json\/wp\/v2\/pages\/1682\/revisions\/2021"}],"wp:attachment":[{"href":"https:\/\/www.aquariumdiamond.sk\/de\/wp-json\/wp\/v2\/media?parent=1682"}],"curies":[{"name":"wp","href":"https:\/\/api.w.org\/{rel}","templated":true}]}}