{"id":1680,"date":"2016-10-25T15:19:54","date_gmt":"2016-10-25T13:19:54","guid":{"rendered":"http:\/\/www.aquariumdiamond.sk\/ueber-uns\/"},"modified":"2022-07-30T11:17:20","modified_gmt":"2022-07-30T09:17:20","slug":"ueber-uns","status":"publish","type":"page","link":"https:\/\/www.aquariumdiamond.sk\/de\/","title":{"rendered":"\u00dcber uns"},"content":{"rendered":"\t\t<div data-elementor-type=\"wp-post\" data-elementor-id=\"1680\" class=\"elementor elementor-1680 elementor-161\">\n\t\t\t\t\t\t\t\t\t<section class=\"elementor-section elementor-top-section elementor-element elementor-element-q0x262l elementor-section-height-min-height elementor-section-boxed elementor-section-height-default elementor-section-items-middle\" data-id=\"q0x262l\" data-element_type=\"section\" data-settings=\"{&quot;background_background&quot;:&quot;classic&quot;}\">\n\t\t\t\t\t\t\t<div class=\"elementor-background-overlay\"><\/div>\n\t\t\t\t\t\t\t<div class=\"elementor-container elementor-column-gap-default\">\n\t\t\t\t\t<div class=\"elementor-column elementor-col-50 elementor-top-column elementor-element elementor-element-jlert5r\" data-id=\"jlert5r\" data-element_type=\"column\">\n\t\t\t<div class=\"elementor-widget-wrap\">\n\t\t\t\t\t\t\t\t\t<\/div>\n\t\t<\/div>\n\t\t\t\t<div class=\"elementor-column elementor-col-50 elementor-top-column elementor-element elementor-element-biy7ig8\" data-id=\"biy7ig8\" data-element_type=\"column\" data-settings=\"{&quot;background_background&quot;:&quot;classic&quot;}\">\n\t\t\t<div class=\"elementor-widget-wrap elementor-element-populated\">\n\t\t\t\t\t\t\t\t<div class=\"elementor-element elementor-element-hj7wqof elementor-widget elementor-widget-heading\" data-id=\"hj7wqof\" data-element_type=\"widget\" data-widget_type=\"heading.default\">\n\t\t\t\t<div class=\"elementor-widget-container\">\n\t\t\t<style>\/*! elementor - v3.8.0 - 30-10-2022 *\/\n.elementor-heading-title{padding:0;margin:0;line-height:1}.elementor-widget-heading .elementor-heading-title[class*=elementor-size-]>a{color:inherit;font-size:inherit;line-height:inherit}.elementor-widget-heading .elementor-heading-title.elementor-size-small{font-size:15px}.elementor-widget-heading .elementor-heading-title.elementor-size-medium{font-size:19px}.elementor-widget-heading .elementor-heading-title.elementor-size-large{font-size:29px}.elementor-widget-heading .elementor-heading-title.elementor-size-xl{font-size:39px}.elementor-widget-heading .elementor-heading-title.elementor-size-xxl{font-size:59px}<\/style><h1 class=\"elementor-heading-title elementor-size-default\">\u00dcber uns<\/h1>\t\t<\/div>\n\t\t\t\t<\/div>\n\t\t\t\t<div class=\"elementor-element elementor-element-f6k1q97 elementor-widget-divider--view-line elementor-widget elementor-widget-divider\" data-id=\"f6k1q97\" data-element_type=\"widget\" data-widget_type=\"divider.default\">\n\t\t\t\t<div class=\"elementor-widget-container\">\n\t\t\t<style>\/*! elementor - v3.8.0 - 30-10-2022 *\/\n.elementor-widget-divider{--divider-border-style:none;--divider-border-width:1px;--divider-color:#2c2c2c;--divider-icon-size:20px;--divider-element-spacing:10px;--divider-pattern-height:24px;--divider-pattern-size:20px;--divider-pattern-url:none;--divider-pattern-repeat:repeat-x}.elementor-widget-divider .elementor-divider{display:-webkit-box;display:-ms-flexbox;display:flex}.elementor-widget-divider .elementor-divider__text{font-size:15px;line-height:1;max-width:95%}.elementor-widget-divider .elementor-divider__element{margin:0 var(--divider-element-spacing);-ms-flex-negative:0;flex-shrink:0}.elementor-widget-divider .elementor-icon{font-size:var(--divider-icon-size)}.elementor-widget-divider .elementor-divider-separator{display:-webkit-box;display:-ms-flexbox;display:flex;margin:0;direction:ltr}.elementor-widget-divider--view-line_icon .elementor-divider-separator,.elementor-widget-divider--view-line_text .elementor-divider-separator{-webkit-box-align:center;-ms-flex-align:center;align-items:center}.elementor-widget-divider--view-line_icon .elementor-divider-separator:after,.elementor-widget-divider--view-line_icon .elementor-divider-separator:before,.elementor-widget-divider--view-line_text .elementor-divider-separator:after,.elementor-widget-divider--view-line_text .elementor-divider-separator:before{display:block;content:\"\";border-bottom:0;-webkit-box-flex:1;-ms-flex-positive:1;flex-grow:1;border-top:var(--divider-border-width) var(--divider-border-style) var(--divider-color)}.elementor-widget-divider--element-align-left .elementor-divider .elementor-divider-separator>.elementor-divider__svg:first-of-type{-webkit-box-flex:0;-ms-flex-positive:0;flex-grow:0;-ms-flex-negative:100;flex-shrink:100}.elementor-widget-divider--element-align-left .elementor-divider-separator:before{content:none}.elementor-widget-divider--element-align-left .elementor-divider__element{margin-left:0}.elementor-widget-divider--element-align-right .elementor-divider .elementor-divider-separator>.elementor-divider__svg:last-of-type{-webkit-box-flex:0;-ms-flex-positive:0;flex-grow:0;-ms-flex-negative:100;flex-shrink:100}.elementor-widget-divider--element-align-right .elementor-divider-separator:after{content:none}.elementor-widget-divider--element-align-right .elementor-divider__element{margin-right:0}.elementor-widget-divider:not(.elementor-widget-divider--view-line_text):not(.elementor-widget-divider--view-line_icon) .elementor-divider-separator{border-top:var(--divider-border-width) var(--divider-border-style) var(--divider-color)}.elementor-widget-divider--separator-type-pattern{--divider-border-style:none}.elementor-widget-divider--separator-type-pattern.elementor-widget-divider--view-line .elementor-divider-separator,.elementor-widget-divider--separator-type-pattern:not(.elementor-widget-divider--view-line) .elementor-divider-separator:after,.elementor-widget-divider--separator-type-pattern:not(.elementor-widget-divider--view-line) .elementor-divider-separator:before,.elementor-widget-divider--separator-type-pattern:not([class*=elementor-widget-divider--view]) .elementor-divider-separator{width:100%;min-height:var(--divider-pattern-height);-webkit-mask-size:var(--divider-pattern-size) 100%;mask-size:var(--divider-pattern-size) 100%;-webkit-mask-repeat:var(--divider-pattern-repeat);mask-repeat:var(--divider-pattern-repeat);background-color:var(--divider-color);-webkit-mask-image:var(--divider-pattern-url);mask-image:var(--divider-pattern-url)}.elementor-widget-divider--no-spacing{--divider-pattern-size:auto}.elementor-widget-divider--bg-round{--divider-pattern-repeat:round}.rtl .elementor-widget-divider .elementor-divider__text{direction:rtl}.e-con-inner>.elementor-widget-divider,.e-con>.elementor-widget-divider{width:var(--container-widget-width,100%)}<\/style>\t\t<div class=\"elementor-divider\">\n\t\t\t<span class=\"elementor-divider-separator\">\n\t\t\t\t\t\t<\/span>\n\t\t<\/div>\n\t\t\t\t<\/div>\n\t\t\t\t<\/div>\n\t\t\t\t<div class=\"elementor-element elementor-element-9kuff4d elementor-widget elementor-widget-text-editor\" data-id=\"9kuff4d\" data-element_type=\"widget\" data-widget_type=\"text-editor.default\">\n\t\t\t\t<div class=\"elementor-widget-container\">\n\t\t\t<style>\/*! elementor - v3.8.0 - 30-10-2022 *\/\n.elementor-widget-text-editor.elementor-drop-cap-view-stacked .elementor-drop-cap{background-color:#818a91;color:#fff}.elementor-widget-text-editor.elementor-drop-cap-view-framed .elementor-drop-cap{color:#818a91;border:3px solid;background-color:transparent}.elementor-widget-text-editor:not(.elementor-drop-cap-view-default) .elementor-drop-cap{margin-top:8px}.elementor-widget-text-editor:not(.elementor-drop-cap-view-default) .elementor-drop-cap-letter{width:1em;height:1em}.elementor-widget-text-editor .elementor-drop-cap{float:left;text-align:center;line-height:1;font-size:50px}.elementor-widget-text-editor .elementor-drop-cap-letter{display:inline-block}<\/style>\t\t\t\t<div dir=\"auto\"><strong>Der Schwerpunkt des Unternehmens <em>Aquarium Diamond s.r.o.<\/em> ist die Anfertigung von Gro\u00df- und Riesenaquarien.<\/strong><\/div><div dir=\"auto\"><strong>Wir sind ein junges, dynamisches Unternehmen und konnten bereits Anhand unserer Referenzen viel Erfahrung im Bereich Aquarienbau, deren Statik, der Glasbearbeitung und Einrichtung nachweisen.<\/strong><\/div><div dir=\"auto\"><strong>Unsere Produkte sind S\u00fc\u00dfwasser- und Meerwasseraquarien, die wir direkt bei Ihnen verkleben und zusammenbauen oder f\u00fcr den sicheren Transport zu Ihnen sorgen.<\/strong><\/div><div dir=\"auto\"><div dir=\"auto\"><strong>Unsere anderen Produkte umfassen kundenspezifische Unterbauten \/ Unterschr\u00e4nke aus Holz und Metall.<\/strong><\/div><div dir=\"auto\"><strong>Wir k\u00f6nnen f\u00fcr jedes Aquarium ein passendes Filtersystem oder eine LED-Beleuchtung entwerfen und herstellen.<\/strong><\/div><\/div><div dir=\"auto\"><strong>Neben Aquarienzubeh\u00f6r bieten wir Beratung und Umbauten im Zusammenhang mit der Installation eines gro\u00dfen Aquariums an.<\/strong><\/div>\t\t\t\t\t\t<\/div>\n\t\t\t\t<\/div>\n\t\t\t\t\t<\/div>\n\t\t<\/div>\n\t\t\t\t\t\t\t<\/div>\n\t\t<\/section>\n\t\t\t\t<section class=\"elementor-section elementor-top-section elementor-element elementor-element-uii517w elementor-section-height-min-height elementor-section-items-top elementor-section-boxed elementor-section-height-default\" data-id=\"uii517w\" data-element_type=\"section\" data-settings=\"{&quot;background_background&quot;:&quot;classic&quot;,&quot;shape_divider_top&quot;:&quot;mountains&quot;}\">\n\t\t\t\t\t<div class=\"elementor-shape elementor-shape-top\" data-negative=\"false\">\n\t\t\t<svg xmlns=\"http:\/\/www.w3.org\/2000\/svg\" viewBox=\"0 0 1000 100\" preserveAspectRatio=\"none\">\n\t<path class=\"elementor-shape-fill\" opacity=\"0.33\" d=\"M473,67.3c-203.9,88.3-263.1-34-320.3,0C66,119.1,0,59.7,0,59.7V0h1000v59.7 c0,0-62.1,26.1-94.9,29.3c-32.8,3.3-62.8-12.3-75.8-22.1C806,49.6,745.3,8.7,694.9,4.7S492.4,59,473,67.3z\"\/>\n\t<path class=\"elementor-shape-fill\" opacity=\"0.66\" d=\"M734,67.3c-45.5,0-77.2-23.2-129.1-39.1c-28.6-8.7-150.3-10.1-254,39.1 s-91.7-34.4-149.2,0C115.7,118.3,0,39.8,0,39.8V0h1000v36.5c0,0-28.2-18.5-92.1-18.5C810.2,18.1,775.7,67.3,734,67.3z\"\/>\n\t<path class=\"elementor-shape-fill\" d=\"M766.1,28.9c-200-57.5-266,65.5-395.1,19.5C242,1.8,242,5.4,184.8,20.6C128,35.8,132.3,44.9,89.9,52.5C28.6,63.7,0,0,0,0 h1000c0,0-9.9,40.9-83.6,48.1S829.6,47,766.1,28.9z\"\/>\n<\/svg>\t\t<\/div>\n\t\t\t\t\t<div class=\"elementor-container elementor-column-gap-no\">\n\t\t\t\t\t<div class=\"elementor-column elementor-col-100 elementor-top-column elementor-element elementor-element-d9cec33\" data-id=\"d9cec33\" data-element_type=\"column\">\n\t\t\t<div class=\"elementor-widget-wrap elementor-element-populated\">\n\t\t\t\t\t\t\t\t<div class=\"elementor-element elementor-element-3766a56 elementor-widget elementor-widget-text-editor\" data-id=\"3766a56\" data-element_type=\"widget\" data-widget_type=\"text-editor.default\">\n\t\t\t\t<div class=\"elementor-widget-container\">\n\t\t\t\t\t\t\t<p>Kvalita sa skr\u00fdva v detailoch<\/p>\t\t\t\t\t\t<\/div>\n\t\t\t\t<\/div>\n\t\t\t\t\t<\/div>\n\t\t<\/div>\n\t\t\t\t\t\t\t<\/div>\n\t\t<\/section>\n\t\t\t\t\t\t\t<\/div>\n\t\t","protected":false},"excerpt":{"rendered":"<p>\u00dcber uns Der Schwerpunkt des Unternehmens Aquarium Diamond s.r.o. ist die Anfertigung von Gro\u00df- und Riesenaquarien.Wir sind ein junges, dynamisches Unternehmen und konnten bereits Anhand unserer Referenzen viel Erfahrung im Bereich Aquarienbau, deren Statik, der Glasbearbeitung und Einrichtung nachweisen.Unsere Produkte sind S\u00fc\u00dfwasser- und Meerwasseraquarien, die wir direkt bei Ihnen verkleben und zusammenbauen oder f\u00fcr den [&hellip;]<\/p>\n","protected":false},"author":1,"featured_media":0,"parent":0,"menu_order":0,"comment_status":"closed","ping_status":"closed","template":"","meta":{"footnotes":""},"class_list":["post-1680","page","type-page","status-publish","hentry","entry"],"yoast_head":"<!-- This site is optimized with the Yoast SEO plugin v27.4 - https:\/\/yoast.com\/product\/yoast-seo-wordpress\/ -->\n<title>\u00dcber uns - aquariumdiamond<\/title>\n<meta name=\"description\" content=\"Spolo\u010dnos\u0165 Aquarium diamond s.r.o. - akv\u00e1rium na mieru vyrob\u00edme pod\u013ea va\u0161ich predst\u00e1v. Akv\u00e1rium vyrob\u00edme, zlep\u00edme a dovezieme, osvetl\u00edme LED technol\u00f3giou.Akv\u00e1rium vybab\u00edme doporu\u010denou filtr\u00e1ciou.\" \/>\n<meta name=\"robots\" content=\"index, follow, max-snippet:-1, max-image-preview:large, max-video-preview:-1\" \/>\n<link rel=\"canonical\" href=\"https:\/\/www.aquariumdiamond.sk\/de\/\" \/>\n<meta property=\"og:locale\" content=\"de_DE\" \/>\n<meta property=\"og:type\" content=\"article\" \/>\n<meta property=\"og:title\" content=\"\u00dcber uns - aquariumdiamond\" \/>\n<meta property=\"og:description\" content=\"Spolo\u010dnos\u0165 Aquarium diamond s.r.o. - akv\u00e1rium na mieru vyrob\u00edme pod\u013ea va\u0161ich predst\u00e1v. Akv\u00e1rium vyrob\u00edme, zlep\u00edme a dovezieme, osvetl\u00edme LED technol\u00f3giou.Akv\u00e1rium vybab\u00edme doporu\u010denou filtr\u00e1ciou.\" \/>\n<meta property=\"og:url\" content=\"https:\/\/www.aquariumdiamond.sk\/de\/\" \/>\n<meta property=\"og:site_name\" content=\"aquariumdiamond\" \/>\n<meta property=\"article:publisher\" content=\"https:\/\/sk-sk.facebook.com\/aquariumdiamond.sk\/\" \/>\n<meta property=\"article:modified_time\" content=\"2022-07-30T09:17:20+00:00\" \/>\n<meta property=\"og:image\" content=\"https:\/\/www.aquariumdiamond.sk\/wp-content\/uploads\/2022\/07\/cropped-ikona-webu-aquadia.png\" \/>\n\t<meta property=\"og:image:width\" content=\"512\" \/>\n\t<meta property=\"og:image:height\" content=\"512\" \/>\n\t<meta property=\"og:image:type\" content=\"image\/png\" \/>\n<meta name=\"twitter:card\" content=\"summary_large_image\" \/>\n<meta name=\"twitter:label1\" content=\"Gesch\u00e4tzte Lesezeit\" \/>\n\t<meta name=\"twitter:data1\" content=\"1\u00a0Minute\" \/>\n<script type=\"application\/ld+json\" class=\"yoast-schema-graph\">{\"@context\":\"https:\\\/\\\/schema.org\",\"@graph\":[{\"@type\":\"WebPage\",\"@id\":\"https:\\\/\\\/www.aquariumdiamond.sk\\\/de\\\/\",\"url\":\"https:\\\/\\\/www.aquariumdiamond.sk\\\/de\\\/\",\"name\":\"\u00dcber uns - aquariumdiamond\",\"isPartOf\":{\"@id\":\"https:\\\/\\\/www.aquariumdiamond.sk\\\/#website\"},\"datePublished\":\"2016-10-25T13:19:54+00:00\",\"dateModified\":\"2022-07-30T09:17:20+00:00\",\"description\":\"Spolo\u010dnos\u0165 Aquarium diamond s.r.o. - akv\u00e1rium na mieru vyrob\u00edme pod\u013ea va\u0161ich predst\u00e1v. Akv\u00e1rium vyrob\u00edme, zlep\u00edme a dovezieme, osvetl\u00edme LED technol\u00f3giou.Akv\u00e1rium vybab\u00edme doporu\u010denou filtr\u00e1ciou.\",\"breadcrumb\":{\"@id\":\"https:\\\/\\\/www.aquariumdiamond.sk\\\/de\\\/#breadcrumb\"},\"inLanguage\":\"de\",\"potentialAction\":[{\"@type\":\"ReadAction\",\"target\":[\"https:\\\/\\\/www.aquariumdiamond.sk\\\/de\\\/\"]}]},{\"@type\":\"BreadcrumbList\",\"@id\":\"https:\\\/\\\/www.aquariumdiamond.sk\\\/de\\\/#breadcrumb\",\"itemListElement\":[{\"@type\":\"ListItem\",\"position\":1,\"name\":\"Akv\u00e1rium na mieru\",\"item\":\"https:\\\/\\\/www.aquariumdiamond.sk\\\/de\\\/\"},{\"@type\":\"ListItem\",\"position\":2,\"name\":\"\u00dcber uns\"}]},{\"@type\":\"WebSite\",\"@id\":\"https:\\\/\\\/www.aquariumdiamond.sk\\\/#website\",\"url\":\"https:\\\/\\\/www.aquariumdiamond.sk\\\/\",\"name\":\"aquariumdiamond\",\"description\":\"Ve\u013ek\u00e9 akv\u00e1rium na mieru\",\"publisher\":{\"@id\":\"https:\\\/\\\/www.aquariumdiamond.sk\\\/#organization\"},\"potentialAction\":[{\"@type\":\"SearchAction\",\"target\":{\"@type\":\"EntryPoint\",\"urlTemplate\":\"https:\\\/\\\/www.aquariumdiamond.sk\\\/?s={search_term_string}\"},\"query-input\":{\"@type\":\"PropertyValueSpecification\",\"valueRequired\":true,\"valueName\":\"search_term_string\"}}],\"inLanguage\":\"de\"},{\"@type\":\"Organization\",\"@id\":\"https:\\\/\\\/www.aquariumdiamond.sk\\\/#organization\",\"name\":\"aquariumdiamond\",\"url\":\"https:\\\/\\\/www.aquariumdiamond.sk\\\/\",\"logo\":{\"@type\":\"ImageObject\",\"inLanguage\":\"de\",\"@id\":\"https:\\\/\\\/www.aquariumdiamond.sk\\\/#\\\/schema\\\/logo\\\/image\\\/\",\"url\":\"https:\\\/\\\/www.aquariumdiamond.sk\\\/wp-content\\\/uploads\\\/2022\\\/07\\\/logo_aquarium-diamond_3slogan_DE-1.png\",\"contentUrl\":\"https:\\\/\\\/www.aquariumdiamond.sk\\\/wp-content\\\/uploads\\\/2022\\\/07\\\/logo_aquarium-diamond_3slogan_DE-1.png\",\"width\":320,\"height\":118,\"caption\":\"aquariumdiamond\"},\"image\":{\"@id\":\"https:\\\/\\\/www.aquariumdiamond.sk\\\/#\\\/schema\\\/logo\\\/image\\\/\"},\"sameAs\":[\"https:\\\/\\\/sk-sk.facebook.com\\\/aquariumdiamond.sk\\\/\"]}]}<\/script>\n<!-- \/ Yoast SEO plugin. -->","yoast_head_json":{"title":"\u00dcber uns - aquariumdiamond","description":"Spolo\u010dnos\u0165 Aquarium diamond s.r.o. - akv\u00e1rium na mieru vyrob\u00edme pod\u013ea va\u0161ich predst\u00e1v. Akv\u00e1rium vyrob\u00edme, zlep\u00edme a dovezieme, osvetl\u00edme LED technol\u00f3giou.Akv\u00e1rium vybab\u00edme doporu\u010denou filtr\u00e1ciou.","robots":{"index":"index","follow":"follow","max-snippet":"max-snippet:-1","max-image-preview":"max-image-preview:large","max-video-preview":"max-video-preview:-1"},"canonical":"https:\/\/www.aquariumdiamond.sk\/de\/","og_locale":"de_DE","og_type":"article","og_title":"\u00dcber uns - aquariumdiamond","og_description":"Spolo\u010dnos\u0165 Aquarium diamond s.r.o. - akv\u00e1rium na mieru vyrob\u00edme pod\u013ea va\u0161ich predst\u00e1v. Akv\u00e1rium vyrob\u00edme, zlep\u00edme a dovezieme, osvetl\u00edme LED technol\u00f3giou.Akv\u00e1rium vybab\u00edme doporu\u010denou filtr\u00e1ciou.","og_url":"https:\/\/www.aquariumdiamond.sk\/de\/","og_site_name":"aquariumdiamond","article_publisher":"https:\/\/sk-sk.facebook.com\/aquariumdiamond.sk\/","article_modified_time":"2022-07-30T09:17:20+00:00","og_image":[{"width":512,"height":512,"url":"https:\/\/www.aquariumdiamond.sk\/wp-content\/uploads\/2022\/07\/cropped-ikona-webu-aquadia.png","type":"image\/png"}],"twitter_card":"summary_large_image","twitter_misc":{"Gesch\u00e4tzte Lesezeit":"1\u00a0Minute"},"schema":{"@context":"https:\/\/schema.org","@graph":[{"@type":"WebPage","@id":"https:\/\/www.aquariumdiamond.sk\/de\/","url":"https:\/\/www.aquariumdiamond.sk\/de\/","name":"\u00dcber uns - aquariumdiamond","isPartOf":{"@id":"https:\/\/www.aquariumdiamond.sk\/#website"},"datePublished":"2016-10-25T13:19:54+00:00","dateModified":"2022-07-30T09:17:20+00:00","description":"Spolo\u010dnos\u0165 Aquarium diamond s.r.o. - akv\u00e1rium na mieru vyrob\u00edme pod\u013ea va\u0161ich predst\u00e1v. Akv\u00e1rium vyrob\u00edme, zlep\u00edme a dovezieme, osvetl\u00edme LED technol\u00f3giou.Akv\u00e1rium vybab\u00edme doporu\u010denou filtr\u00e1ciou.","breadcrumb":{"@id":"https:\/\/www.aquariumdiamond.sk\/de\/#breadcrumb"},"inLanguage":"de","potentialAction":[{"@type":"ReadAction","target":["https:\/\/www.aquariumdiamond.sk\/de\/"]}]},{"@type":"BreadcrumbList","@id":"https:\/\/www.aquariumdiamond.sk\/de\/#breadcrumb","itemListElement":[{"@type":"ListItem","position":1,"name":"Akv\u00e1rium na mieru","item":"https:\/\/www.aquariumdiamond.sk\/de\/"},{"@type":"ListItem","position":2,"name":"\u00dcber uns"}]},{"@type":"WebSite","@id":"https:\/\/www.aquariumdiamond.sk\/#website","url":"https:\/\/www.aquariumdiamond.sk\/","name":"aquariumdiamond","description":"Ve\u013ek\u00e9 akv\u00e1rium na mieru","publisher":{"@id":"https:\/\/www.aquariumdiamond.sk\/#organization"},"potentialAction":[{"@type":"SearchAction","target":{"@type":"EntryPoint","urlTemplate":"https:\/\/www.aquariumdiamond.sk\/?s={search_term_string}"},"query-input":{"@type":"PropertyValueSpecification","valueRequired":true,"valueName":"search_term_string"}}],"inLanguage":"de"},{"@type":"Organization","@id":"https:\/\/www.aquariumdiamond.sk\/#organization","name":"aquariumdiamond","url":"https:\/\/www.aquariumdiamond.sk\/","logo":{"@type":"ImageObject","inLanguage":"de","@id":"https:\/\/www.aquariumdiamond.sk\/#\/schema\/logo\/image\/","url":"https:\/\/www.aquariumdiamond.sk\/wp-content\/uploads\/2022\/07\/logo_aquarium-diamond_3slogan_DE-1.png","contentUrl":"https:\/\/www.aquariumdiamond.sk\/wp-content\/uploads\/2022\/07\/logo_aquarium-diamond_3slogan_DE-1.png","width":320,"height":118,"caption":"aquariumdiamond"},"image":{"@id":"https:\/\/www.aquariumdiamond.sk\/#\/schema\/logo\/image\/"},"sameAs":["https:\/\/sk-sk.facebook.com\/aquariumdiamond.sk\/"]}]}},"_links":{"self":[{"href":"https:\/\/www.aquariumdiamond.sk\/de\/wp-json\/wp\/v2\/pages\/1680","targetHints":{"allow":["GET"]}}],"collection":[{"href":"https:\/\/www.aquariumdiamond.sk\/de\/wp-json\/wp\/v2\/pages"}],"about":[{"href":"https:\/\/www.aquariumdiamond.sk\/de\/wp-json\/wp\/v2\/types\/page"}],"author":[{"embeddable":true,"href":"https:\/\/www.aquariumdiamond.sk\/de\/wp-json\/wp\/v2\/users\/1"}],"replies":[{"embeddable":true,"href":"https:\/\/www.aquariumdiamond.sk\/de\/wp-json\/wp\/v2\/comments?post=1680"}],"version-history":[{"count":20,"href":"https:\/\/www.aquariumdiamond.sk\/de\/wp-json\/wp\/v2\/pages\/1680\/revisions"}],"predecessor-version":[{"id":2075,"href":"https:\/\/www.aquariumdiamond.sk\/de\/wp-json\/wp\/v2\/pages\/1680\/revisions\/2075"}],"wp:attachment":[{"href":"https:\/\/www.aquariumdiamond.sk\/de\/wp-json\/wp\/v2\/media?parent=1680"}],"curies":[{"name":"wp","href":"https:\/\/api.w.org\/{rel}","templated":true}]}}